{"id":904,"date":"2023-11-07T10:17:54","date_gmt":"2023-11-07T09:17:54","guid":{"rendered":"https:\/\/www.alias-informatique.net\/?page_id=904"},"modified":"2023-11-07T17:09:54","modified_gmt":"2023-11-07T16:09:54","slug":"telephonie-par-alias-informatique-vannes-56","status":"publish","type":"page","link":"https:\/\/www.alias-informatique.net\/index.php\/telephonie-par-alias-informatique-vannes-56\/","title":{"rendered":"T\u00e9l\u00e9phonie sur IP"},"content":{"rendered":"<p>[vc_row css=\u00a0\u00bb.vc_custom_1699342768164{margin-bottom: 0px !important;}\u00a0\u00bb][vc_column][wdc_heading title=\u00a0\u00bbT\u00e9l\u00e9phonie sur IP\u00a0\u00bb]Petites et moyennes entreprises \u00e0 partir de 4 postes t\u00e9l\u00e9phoniques[\/wdc_heading][\/vc_column][\/vc_row][vc_row][vc_column width=\u00a0\u00bb1\/3&Prime;][vc_single_image image=\u00a0\u00bb930&Prime; img_size=\u00a0\u00bbmedium\u00a0\u00bb][\/vc_column][vc_column width=\u00a0\u00bb2\/3&Prime;][vc_column_text]Vous ne supportez plus de payer plus de 100 euros par mois de t\u00e9l\u00e9phone, passez \u00e0 la t\u00e9l\u00e9phonie sur IP.<\/p>\n<p>Les forfait sont jusqu&rsquo;\u00e0 10 fois moins cher.<\/p>\n<p>Cela n\u00e9cessite simplement une bonne connexion \u00e0 Internet (&gt;8Mo\/s) un mini standard (&lt; 400 \u20acttc) et des t\u00e9l\u00e9phones sous IP.<\/p>\n<p>Le mini standard (Raspberry pi 3 sous ast\u00e9rix) a toutes les qualit\u00e9s d&rsquo;un standard d&rsquo;entreprise (pr\u00e9-d\u00e9croch\u00e9, multi-lignes, serveur vocal interactif, etc&#8230;)<\/p>\n<p>Pour un d\u00e9pannage ou un devis d&rsquo;installation faites appel.<\/p>\n<p>Ps : Le d\u00e9pannage peut souvent \u00eatre fait par prise de cont\u00f4le \u00e0 distance.<\/p>\n<p>&nbsp;<\/p>\n<div id=\"gtx-trans\" style=\"position: absolute; left: -72px; top: -8.8px;\">\n<div class=\"gtx-trans-icon\"><\/div>\n<\/div>\n<p>[\/vc_column_text][\/vc_column][\/vc_row][vc_row css=\u00a0\u00bb.vc_custom_1699371259659{margin-top: 35px !important;}\u00a0\u00bb][vc_column][\/vc_column][\/vc_row]<\/p>\n","protected":false},"excerpt":{"rendered":"<p>[vc_row css=\u00a0\u00bb.vc_custom_1699342768164{margin-bottom: 0px !important;}\u00a0\u00bb][vc_column][wdc_heading title=\u00a0\u00bbT\u00e9l\u00e9phonie sur IP\u00a0\u00bb]Petites et moyennes entreprises \u00e0 partir de 4 postes t\u00e9l\u00e9phoniques[\/wdc_heading][\/vc_column][\/vc_row][vc_row][vc_column width=\u00a0\u00bb1\/3&Prime;][vc_single_image image=\u00a0\u00bb930&Prime; img_size=\u00a0\u00bbmedium\u00a0\u00bb][\/vc_column][vc_column width=\u00a0\u00bb2\/3&Prime;][vc_column_text]Vous ne supportez plus de payer plus de 100 euros par mois de t\u00e9l\u00e9phone, passez \u00e0 la t\u00e9l\u00e9phonie sur IP. Les forfait sont jusqu&rsquo;\u00e0 10 fois moins cher. Cela n\u00e9cessite simplement une bonne connexion \u00e0 Internet [&hellip;]<\/p>\n","protected":false},"author":1,"featured_media":0,"parent":0,"menu_order":0,"comment_status":"closed","ping_status":"open","template":"","meta":{"footnotes":""},"class_list":["post-904","page","type-page","status-publish","hentry"],"yoast_head":"<!-- This site is optimized with the Yoast SEO plugin v25.8 - https:\/\/yoast.com\/wordpress\/plugins\/seo\/ -->\n<title>T\u00e9l\u00e9phonie sur IP - Alias informatique<\/title>\n<meta name=\"description\" content=\"Vente et installation de standard IP pour la t\u00e9l\u00e9phonie Voip via les mini standard sous Raspberry Pi sous Ast\u00e9rix\" \/>\n<meta name=\"robots\" content=\"index, follow, max-snippet:-1, max-image-preview:large, max-video-preview:-1\" \/>\n<link rel=\"canonical\" href=\"https:\/\/www.alias-informatique.net\/index.php\/services__trashed\/telephonie-par-alias-informatique-vannes-56\/\" \/>\n<meta property=\"og:locale\" content=\"fr_FR\" \/>\n<meta property=\"og:type\" content=\"article\" \/>\n<meta property=\"og:title\" content=\"T\u00e9l\u00e9phonie sur IP - Alias informatique\" \/>\n<meta property=\"og:description\" content=\"Vente et installation de standard IP pour la t\u00e9l\u00e9phonie Voip via les mini standard sous Raspberry Pi sous Ast\u00e9rix\" \/>\n<meta property=\"og:url\" content=\"https:\/\/www.alias-informatique.net\/index.php\/services__trashed\/telephonie-par-alias-informatique-vannes-56\/\" \/>\n<meta property=\"og:site_name\" content=\"Alias informatique\" \/>\n<meta property=\"article:modified_time\" content=\"2023-11-07T16:09:54+00:00\" \/>\n<meta name=\"twitter:card\" content=\"summary_large_image\" \/>\n<meta name=\"twitter:label1\" content=\"Dur\u00e9e de lecture estim\u00e9e\" \/>\n\t<meta name=\"twitter:data1\" content=\"1 minute\" \/>\n<script type=\"application\/ld+json\" class=\"yoast-schema-graph\">{\"@context\":\"https:\/\/schema.org\",\"@graph\":[{\"@type\":\"WebPage\",\"@id\":\"https:\/\/www.alias-informatique.net\/index.php\/services__trashed\/telephonie-par-alias-informatique-vannes-56\/\",\"url\":\"https:\/\/www.alias-informatique.net\/index.php\/services__trashed\/telephonie-par-alias-informatique-vannes-56\/\",\"name\":\"T\u00e9l\u00e9phonie sur IP - Alias informatique\",\"isPartOf\":{\"@id\":\"https:\/\/www.alias-informatique.net\/#website\"},\"datePublished\":\"2023-11-07T09:17:54+00:00\",\"dateModified\":\"2023-11-07T16:09:54+00:00\",\"description\":\"Vente et installation de standard IP pour la t\u00e9l\u00e9phonie Voip via les mini standard sous Raspberry Pi sous Ast\u00e9rix\",\"breadcrumb\":{\"@id\":\"https:\/\/www.alias-informatique.net\/index.php\/services__trashed\/telephonie-par-alias-informatique-vannes-56\/#breadcrumb\"},\"inLanguage\":\"fr-FR\",\"potentialAction\":[{\"@type\":\"ReadAction\",\"target\":[\"https:\/\/www.alias-informatique.net\/index.php\/services__trashed\/telephonie-par-alias-informatique-vannes-56\/\"]}]},{\"@type\":\"BreadcrumbList\",\"@id\":\"https:\/\/www.alias-informatique.net\/index.php\/services__trashed\/telephonie-par-alias-informatique-vannes-56\/#breadcrumb\",\"itemListElement\":[{\"@type\":\"ListItem\",\"position\":1,\"name\":\"Accueil\",\"item\":\"https:\/\/www.alias-informatique.net\/\"},{\"@type\":\"ListItem\",\"position\":2,\"name\":\"T\u00e9l\u00e9phonie sur IP\"}]},{\"@type\":\"WebSite\",\"@id\":\"https:\/\/www.alias-informatique.net\/#website\",\"url\":\"https:\/\/www.alias-informatique.net\/\",\"name\":\"Alias informatique\",\"description\":\"R\u00e9paration et vente d&#039;ordinateurs pour particuliers et professionnelles\",\"potentialAction\":[{\"@type\":\"SearchAction\",\"target\":{\"@type\":\"EntryPoint\",\"urlTemplate\":\"https:\/\/www.alias-informatique.net\/?s={search_term_string}\"},\"query-input\":{\"@type\":\"PropertyValueSpecification\",\"valueRequired\":true,\"valueName\":\"search_term_string\"}}],\"inLanguage\":\"fr-FR\"}]}<\/script>\n<!-- \/ Yoast SEO plugin. -->","yoast_head_json":{"title":"T\u00e9l\u00e9phonie sur IP - Alias informatique","description":"Vente et installation de standard IP pour la t\u00e9l\u00e9phonie Voip via les mini standard sous Raspberry Pi sous Ast\u00e9rix","robots":{"index":"index","follow":"follow","max-snippet":"max-snippet:-1","max-image-preview":"max-image-preview:large","max-video-preview":"max-video-preview:-1"},"canonical":"https:\/\/www.alias-informatique.net\/index.php\/services__trashed\/telephonie-par-alias-informatique-vannes-56\/","og_locale":"fr_FR","og_type":"article","og_title":"T\u00e9l\u00e9phonie sur IP - Alias informatique","og_description":"Vente et installation de standard IP pour la t\u00e9l\u00e9phonie Voip via les mini standard sous Raspberry Pi sous Ast\u00e9rix","og_url":"https:\/\/www.alias-informatique.net\/index.php\/services__trashed\/telephonie-par-alias-informatique-vannes-56\/","og_site_name":"Alias informatique","article_modified_time":"2023-11-07T16:09:54+00:00","twitter_card":"summary_large_image","twitter_misc":{"Dur\u00e9e de lecture estim\u00e9e":"1 minute"},"schema":{"@context":"https:\/\/schema.org","@graph":[{"@type":"WebPage","@id":"https:\/\/www.alias-informatique.net\/index.php\/services__trashed\/telephonie-par-alias-informatique-vannes-56\/","url":"https:\/\/www.alias-informatique.net\/index.php\/services__trashed\/telephonie-par-alias-informatique-vannes-56\/","name":"T\u00e9l\u00e9phonie sur IP - Alias informatique","isPartOf":{"@id":"https:\/\/www.alias-informatique.net\/#website"},"datePublished":"2023-11-07T09:17:54+00:00","dateModified":"2023-11-07T16:09:54+00:00","description":"Vente et installation de standard IP pour la t\u00e9l\u00e9phonie Voip via les mini standard sous Raspberry Pi sous Ast\u00e9rix","breadcrumb":{"@id":"https:\/\/www.alias-informatique.net\/index.php\/services__trashed\/telephonie-par-alias-informatique-vannes-56\/#breadcrumb"},"inLanguage":"fr-FR","potentialAction":[{"@type":"ReadAction","target":["https:\/\/www.alias-informatique.net\/index.php\/services__trashed\/telephonie-par-alias-informatique-vannes-56\/"]}]},{"@type":"BreadcrumbList","@id":"https:\/\/www.alias-informatique.net\/index.php\/services__trashed\/telephonie-par-alias-informatique-vannes-56\/#breadcrumb","itemListElement":[{"@type":"ListItem","position":1,"name":"Accueil","item":"https:\/\/www.alias-informatique.net\/"},{"@type":"ListItem","position":2,"name":"T\u00e9l\u00e9phonie sur IP"}]},{"@type":"WebSite","@id":"https:\/\/www.alias-informatique.net\/#website","url":"https:\/\/www.alias-informatique.net\/","name":"Alias informatique","description":"R\u00e9paration et vente d&#039;ordinateurs pour particuliers et professionnelles","potentialAction":[{"@type":"SearchAction","target":{"@type":"EntryPoint","urlTemplate":"https:\/\/www.alias-informatique.net\/?s={search_term_string}"},"query-input":{"@type":"PropertyValueSpecification","valueRequired":true,"valueName":"search_term_string"}}],"inLanguage":"fr-FR"}]}},"_links":{"self":[{"href":"https:\/\/www.alias-informatique.net\/index.php\/wp-json\/wp\/v2\/pages\/904","targetHints":{"allow":["GET"]}}],"collection":[{"href":"https:\/\/www.alias-informatique.net\/index.php\/wp-json\/wp\/v2\/pages"}],"about":[{"href":"https:\/\/www.alias-informatique.net\/index.php\/wp-json\/wp\/v2\/types\/page"}],"author":[{"embeddable":true,"href":"https:\/\/www.alias-informatique.net\/index.php\/wp-json\/wp\/v2\/users\/1"}],"replies":[{"embeddable":true,"href":"https:\/\/www.alias-informatique.net\/index.php\/wp-json\/wp\/v2\/comments?post=904"}],"version-history":[{"count":4,"href":"https:\/\/www.alias-informatique.net\/index.php\/wp-json\/wp\/v2\/pages\/904\/revisions"}],"predecessor-version":[{"id":945,"href":"https:\/\/www.alias-informatique.net\/index.php\/wp-json\/wp\/v2\/pages\/904\/revisions\/945"}],"wp:attachment":[{"href":"https:\/\/www.alias-informatique.net\/index.php\/wp-json\/wp\/v2\/media?parent=904"}],"curies":[{"name":"wp","href":"https:\/\/api.w.org\/{rel}","templated":true}]}}