{"id":902,"date":"2023-11-07T10:17:15","date_gmt":"2023-11-07T09:17:15","guid":{"rendered":"https:\/\/www.alias-informatique.net\/?page_id=902"},"modified":"2023-11-07T17:15:23","modified_gmt":"2023-11-07T16:15:23","slug":"installation-de-reseaux","status":"publish","type":"page","link":"https:\/\/www.alias-informatique.net\/index.php\/installation-de-reseaux\/","title":{"rendered":"Installation de r\u00e9seaux"},"content":{"rendered":"<p>[vc_row css=\u00a0\u00bb.vc_custom_1699342768164{margin-bottom: 0px !important;}\u00a0\u00bb][vc_column][wdc_heading title=\u00a0\u00bbInstallation de r\u00e9seaux\u00a0\u00bb]Poste \u00e0 poste ou client serveur pour entreprise[\/wdc_heading][\/vc_column][\/vc_row][vc_row][vc_column width=\u00a0\u00bb1\/3&Prime;][vc_single_image image=\u00a0\u00bb783&Prime; img_size=\u00a0\u00bbmedium\u00a0\u00bb][\/vc_column][vc_column width=\u00a0\u00bb2\/3&Prime;][vc_column_text]Aujourd&rsquo;hui les r\u00e9seaux sont partout, mais pas toujours simple \u00e0 installer entre les raccorddements, la programmation et les droits, il vaut mieux \u00eatre bien averti.<\/p>\n<p>Pour les entreprises, la solution serveur peut \u00eatre envisag\u00e9e, mais elle n&rsquo;est pas la seule, par exemple quand le r\u00f4le se limite \u00e0 celui de serveur de fichier.<\/p>\n<p>Faite appel \u00e0 un professionnel pour la r\u00e9paration ou l&rsquo;installation de votre r\u00e9seau pour travailler dans de bonne conditions.<\/p>\n<p>[\/vc_column_text][\/vc_column][\/vc_row][vc_row css=\u00a0\u00bb.vc_custom_1699370577399{margin-top: 35px !important;}\u00a0\u00bb][vc_column][\/vc_column][\/vc_row]<\/p>\n","protected":false},"excerpt":{"rendered":"<p>[vc_row css=\u00a0\u00bb.vc_custom_1699342768164{margin-bottom: 0px !important;}\u00a0\u00bb][vc_column][wdc_heading title=\u00a0\u00bbInstallation de r\u00e9seaux\u00a0\u00bb]Poste \u00e0 poste ou client serveur pour entreprise[\/wdc_heading][\/vc_column][\/vc_row][vc_row][vc_column width=\u00a0\u00bb1\/3&Prime;][vc_single_image image=\u00a0\u00bb783&Prime; img_size=\u00a0\u00bbmedium\u00a0\u00bb][\/vc_column][vc_column width=\u00a0\u00bb2\/3&Prime;][vc_column_text]Aujourd&rsquo;hui les r\u00e9seaux sont partout, mais pas toujours simple \u00e0 installer entre les raccorddements, la programmation et les droits, il vaut mieux \u00eatre bien averti. Pour les entreprises, la solution serveur peut \u00eatre envisag\u00e9e, mais elle n&rsquo;est pas [&hellip;]<\/p>\n","protected":false},"author":1,"featured_media":0,"parent":0,"menu_order":0,"comment_status":"closed","ping_status":"open","template":"","meta":{"footnotes":""},"class_list":["post-902","page","type-page","status-publish","hentry"],"yoast_head":"<!-- This site is optimized with the Yoast SEO plugin v25.8 - https:\/\/yoast.com\/wordpress\/plugins\/seo\/ -->\n<title>Installation de r\u00e9seaux - Alias informatique<\/title>\n<meta name=\"description\" content=\"Installation de r\u00e9seau poste \u00e0 poste ou client serveur. Choix de la configuration, serveur, Nas, serveur dans le cloud...\" \/>\n<meta name=\"robots\" content=\"index, follow, max-snippet:-1, max-image-preview:large, max-video-preview:-1\" \/>\n<link rel=\"canonical\" href=\"https:\/\/www.alias-informatique.net\/index.php\/services__trashed\/installation-de-reseaux\/\" \/>\n<meta property=\"og:locale\" content=\"fr_FR\" \/>\n<meta property=\"og:type\" content=\"article\" \/>\n<meta property=\"og:title\" content=\"Installation de r\u00e9seaux - Alias informatique\" \/>\n<meta property=\"og:description\" content=\"Installation de r\u00e9seau poste \u00e0 poste ou client serveur. Choix de la configuration, serveur, Nas, serveur dans le cloud...\" \/>\n<meta property=\"og:url\" content=\"https:\/\/www.alias-informatique.net\/index.php\/services__trashed\/installation-de-reseaux\/\" \/>\n<meta property=\"og:site_name\" content=\"Alias informatique\" \/>\n<meta property=\"article:modified_time\" content=\"2023-11-07T16:15:23+00:00\" \/>\n<meta name=\"twitter:card\" content=\"summary_large_image\" \/>\n<meta name=\"twitter:label1\" content=\"Dur\u00e9e de lecture estim\u00e9e\" \/>\n\t<meta name=\"twitter:data1\" content=\"1 minute\" \/>\n<script type=\"application\/ld+json\" class=\"yoast-schema-graph\">{\"@context\":\"https:\/\/schema.org\",\"@graph\":[{\"@type\":\"WebPage\",\"@id\":\"https:\/\/www.alias-informatique.net\/index.php\/services__trashed\/installation-de-reseaux\/\",\"url\":\"https:\/\/www.alias-informatique.net\/index.php\/services__trashed\/installation-de-reseaux\/\",\"name\":\"Installation de r\u00e9seaux - Alias informatique\",\"isPartOf\":{\"@id\":\"https:\/\/www.alias-informatique.net\/#website\"},\"datePublished\":\"2023-11-07T09:17:15+00:00\",\"dateModified\":\"2023-11-07T16:15:23+00:00\",\"description\":\"Installation de r\u00e9seau poste \u00e0 poste ou client serveur. Choix de la configuration, serveur, Nas, serveur dans le cloud...\",\"breadcrumb\":{\"@id\":\"https:\/\/www.alias-informatique.net\/index.php\/services__trashed\/installation-de-reseaux\/#breadcrumb\"},\"inLanguage\":\"fr-FR\",\"potentialAction\":[{\"@type\":\"ReadAction\",\"target\":[\"https:\/\/www.alias-informatique.net\/index.php\/services__trashed\/installation-de-reseaux\/\"]}]},{\"@type\":\"BreadcrumbList\",\"@id\":\"https:\/\/www.alias-informatique.net\/index.php\/services__trashed\/installation-de-reseaux\/#breadcrumb\",\"itemListElement\":[{\"@type\":\"ListItem\",\"position\":1,\"name\":\"Accueil\",\"item\":\"https:\/\/www.alias-informatique.net\/\"},{\"@type\":\"ListItem\",\"position\":2,\"name\":\"Installation de r\u00e9seaux\"}]},{\"@type\":\"WebSite\",\"@id\":\"https:\/\/www.alias-informatique.net\/#website\",\"url\":\"https:\/\/www.alias-informatique.net\/\",\"name\":\"Alias informatique\",\"description\":\"R\u00e9paration et vente d&#039;ordinateurs pour particuliers et professionnelles\",\"potentialAction\":[{\"@type\":\"SearchAction\",\"target\":{\"@type\":\"EntryPoint\",\"urlTemplate\":\"https:\/\/www.alias-informatique.net\/?s={search_term_string}\"},\"query-input\":{\"@type\":\"PropertyValueSpecification\",\"valueRequired\":true,\"valueName\":\"search_term_string\"}}],\"inLanguage\":\"fr-FR\"}]}<\/script>\n<!-- \/ Yoast SEO plugin. -->","yoast_head_json":{"title":"Installation de r\u00e9seaux - Alias informatique","description":"Installation de r\u00e9seau poste \u00e0 poste ou client serveur. Choix de la configuration, serveur, Nas, serveur dans le cloud...","robots":{"index":"index","follow":"follow","max-snippet":"max-snippet:-1","max-image-preview":"max-image-preview:large","max-video-preview":"max-video-preview:-1"},"canonical":"https:\/\/www.alias-informatique.net\/index.php\/services__trashed\/installation-de-reseaux\/","og_locale":"fr_FR","og_type":"article","og_title":"Installation de r\u00e9seaux - Alias informatique","og_description":"Installation de r\u00e9seau poste \u00e0 poste ou client serveur. Choix de la configuration, serveur, Nas, serveur dans le cloud...","og_url":"https:\/\/www.alias-informatique.net\/index.php\/services__trashed\/installation-de-reseaux\/","og_site_name":"Alias informatique","article_modified_time":"2023-11-07T16:15:23+00:00","twitter_card":"summary_large_image","twitter_misc":{"Dur\u00e9e de lecture estim\u00e9e":"1 minute"},"schema":{"@context":"https:\/\/schema.org","@graph":[{"@type":"WebPage","@id":"https:\/\/www.alias-informatique.net\/index.php\/services__trashed\/installation-de-reseaux\/","url":"https:\/\/www.alias-informatique.net\/index.php\/services__trashed\/installation-de-reseaux\/","name":"Installation de r\u00e9seaux - Alias informatique","isPartOf":{"@id":"https:\/\/www.alias-informatique.net\/#website"},"datePublished":"2023-11-07T09:17:15+00:00","dateModified":"2023-11-07T16:15:23+00:00","description":"Installation de r\u00e9seau poste \u00e0 poste ou client serveur. Choix de la configuration, serveur, Nas, serveur dans le cloud...","breadcrumb":{"@id":"https:\/\/www.alias-informatique.net\/index.php\/services__trashed\/installation-de-reseaux\/#breadcrumb"},"inLanguage":"fr-FR","potentialAction":[{"@type":"ReadAction","target":["https:\/\/www.alias-informatique.net\/index.php\/services__trashed\/installation-de-reseaux\/"]}]},{"@type":"BreadcrumbList","@id":"https:\/\/www.alias-informatique.net\/index.php\/services__trashed\/installation-de-reseaux\/#breadcrumb","itemListElement":[{"@type":"ListItem","position":1,"name":"Accueil","item":"https:\/\/www.alias-informatique.net\/"},{"@type":"ListItem","position":2,"name":"Installation de r\u00e9seaux"}]},{"@type":"WebSite","@id":"https:\/\/www.alias-informatique.net\/#website","url":"https:\/\/www.alias-informatique.net\/","name":"Alias informatique","description":"R\u00e9paration et vente d&#039;ordinateurs pour particuliers et professionnelles","potentialAction":[{"@type":"SearchAction","target":{"@type":"EntryPoint","urlTemplate":"https:\/\/www.alias-informatique.net\/?s={search_term_string}"},"query-input":{"@type":"PropertyValueSpecification","valueRequired":true,"valueName":"search_term_string"}}],"inLanguage":"fr-FR"}]}},"_links":{"self":[{"href":"https:\/\/www.alias-informatique.net\/index.php\/wp-json\/wp\/v2\/pages\/902","targetHints":{"allow":["GET"]}}],"collection":[{"href":"https:\/\/www.alias-informatique.net\/index.php\/wp-json\/wp\/v2\/pages"}],"about":[{"href":"https:\/\/www.alias-informatique.net\/index.php\/wp-json\/wp\/v2\/types\/page"}],"author":[{"embeddable":true,"href":"https:\/\/www.alias-informatique.net\/index.php\/wp-json\/wp\/v2\/users\/1"}],"replies":[{"embeddable":true,"href":"https:\/\/www.alias-informatique.net\/index.php\/wp-json\/wp\/v2\/comments?post=902"}],"version-history":[{"count":5,"href":"https:\/\/www.alias-informatique.net\/index.php\/wp-json\/wp\/v2\/pages\/902\/revisions"}],"predecessor-version":[{"id":936,"href":"https:\/\/www.alias-informatique.net\/index.php\/wp-json\/wp\/v2\/pages\/902\/revisions\/936"}],"wp:attachment":[{"href":"https:\/\/www.alias-informatique.net\/index.php\/wp-json\/wp\/v2\/media?parent=902"}],"curies":[{"name":"wp","href":"https:\/\/api.w.org\/{rel}","templated":true}]}}