{"id":900,"date":"2023-11-07T10:16:34","date_gmt":"2023-11-07T09:16:34","guid":{"rendered":"https:\/\/www.alias-informatique.net\/?page_id=900"},"modified":"2023-11-07T19:16:29","modified_gmt":"2023-11-07T18:16:29","slug":"vente-dordinateurs-fixe-et-portables-pour-particuliers-et-professionnelles","status":"publish","type":"page","link":"https:\/\/www.alias-informatique.net\/index.php\/vente-dordinateurs-fixe-et-portables-pour-particuliers-et-professionnelles\/","title":{"rendered":"Vente d&rsquo;ordinateurs"},"content":{"rendered":"<p>[vc_row css=\u00a0\u00bb.vc_custom_1699342768164{margin-bottom: 0px !important;}\u00a0\u00bb][vc_column][wdc_heading title=\u00a0\u00bbVente d&rsquo;ordinateurs\u00a0\u00bb]Portables, tablettes, imprimantes, ordinateurs fixes,&#8230; pour particuliers et professionnels[\/wdc_heading][\/vc_column][\/vc_row][vc_row][vc_column width=\u00a0\u00bb1\/3&Prime;][vc_single_image image=\u00a0\u00bb927&Prime; img_size=\u00a0\u00bbmedium\u00a0\u00bb][\/vc_column][vc_column width=\u00a0\u00bb2\/3&Prime;][vc_column_text]Comme il est plus important de bien choisir son ordinateur en fonction de son besoin plut\u00f4t que de payer cher, faite confiance \u00e0 un professionnel qui saura vous guider.<\/p>\n<p>Et plut\u00f4t de recheter \u00e0 chaque fois un ordinateur, avez vous pensez que certaines pi\u00e8ces peuvent encore \u00eatre utilis\u00e9s, car en bon \u00e9tat ou n&rsquo;ont aucune influence sur la vitesse. Pensez \u00e0 la licence Windows qui co\u00fbte tr\u00e8s ch\u00e8re, pourquoi la racheter si elle vous convient toujours&#8230;<\/p>\n<p>Que vous soyez simple utilisateur, gamer ou professionnel soyez bien conseill\u00e9.<\/p>\n<p>Faite faire un devis&#8230;[\/vc_column_text][\/vc_column][\/vc_row][vc_row css=\u00a0\u00bb.vc_custom_1699370624881{margin-top: 35px !important;}\u00a0\u00bb][vc_column][\/vc_column][\/vc_row]<\/p>\n","protected":false},"excerpt":{"rendered":"<p>[vc_row css=\u00a0\u00bb.vc_custom_1699342768164{margin-bottom: 0px !important;}\u00a0\u00bb][vc_column][wdc_heading title=\u00a0\u00bbVente d&rsquo;ordinateurs\u00a0\u00bb]Portables, tablettes, imprimantes, ordinateurs fixes,&#8230; pour particuliers et professionnels[\/wdc_heading][\/vc_column][\/vc_row][vc_row][vc_column width=\u00a0\u00bb1\/3&Prime;][vc_single_image image=\u00a0\u00bb927&Prime; img_size=\u00a0\u00bbmedium\u00a0\u00bb][\/vc_column][vc_column width=\u00a0\u00bb2\/3&Prime;][vc_column_text]Comme il est plus important de bien choisir son ordinateur en fonction de son besoin plut\u00f4t que de payer cher, faite confiance \u00e0 un professionnel qui saura vous guider. Et plut\u00f4t de recheter \u00e0 chaque fois un ordinateur, [&hellip;]<\/p>\n","protected":false},"author":1,"featured_media":0,"parent":0,"menu_order":0,"comment_status":"closed","ping_status":"open","template":"","meta":{"footnotes":""},"class_list":["post-900","page","type-page","status-publish","hentry"],"yoast_head":"<!-- This site is optimized with the Yoast SEO plugin v25.8 - https:\/\/yoast.com\/wordpress\/plugins\/seo\/ -->\n<title>Vente d&#039;ordinateurs - Alias informatique<\/title>\n<meta name=\"description\" content=\"Vente d&#039;ordinateurs fixe et portable ou simple mise \u00e0 niveau via des conseils avis\u00e9s chez Alias informatique Vannes (56)\" \/>\n<meta name=\"robots\" content=\"index, follow, max-snippet:-1, max-image-preview:large, max-video-preview:-1\" \/>\n<link rel=\"canonical\" href=\"https:\/\/www.alias-informatique.net\/index.php\/services__trashed\/vente-dordinateurs-fixe-et-portables-pour-particuliers-et-professionnelles\/\" \/>\n<meta property=\"og:locale\" content=\"fr_FR\" \/>\n<meta property=\"og:type\" content=\"article\" \/>\n<meta property=\"og:title\" content=\"Vente d&#039;ordinateurs - Alias informatique\" \/>\n<meta property=\"og:description\" content=\"Vente d&#039;ordinateurs fixe et portable ou simple mise \u00e0 niveau via des conseils avis\u00e9s chez Alias informatique Vannes (56)\" \/>\n<meta property=\"og:url\" content=\"https:\/\/www.alias-informatique.net\/index.php\/services__trashed\/vente-dordinateurs-fixe-et-portables-pour-particuliers-et-professionnelles\/\" \/>\n<meta property=\"og:site_name\" content=\"Alias informatique\" \/>\n<meta property=\"article:modified_time\" content=\"2023-11-07T18:16:29+00:00\" \/>\n<meta name=\"twitter:card\" content=\"summary_large_image\" \/>\n<meta name=\"twitter:label1\" content=\"Dur\u00e9e de lecture estim\u00e9e\" \/>\n\t<meta name=\"twitter:data1\" content=\"1 minute\" \/>\n<script type=\"application\/ld+json\" class=\"yoast-schema-graph\">{\"@context\":\"https:\/\/schema.org\",\"@graph\":[{\"@type\":\"WebPage\",\"@id\":\"https:\/\/www.alias-informatique.net\/index.php\/services__trashed\/vente-dordinateurs-fixe-et-portables-pour-particuliers-et-professionnelles\/\",\"url\":\"https:\/\/www.alias-informatique.net\/index.php\/services__trashed\/vente-dordinateurs-fixe-et-portables-pour-particuliers-et-professionnelles\/\",\"name\":\"Vente d'ordinateurs - Alias informatique\",\"isPartOf\":{\"@id\":\"https:\/\/www.alias-informatique.net\/#website\"},\"datePublished\":\"2023-11-07T09:16:34+00:00\",\"dateModified\":\"2023-11-07T18:16:29+00:00\",\"description\":\"Vente d'ordinateurs fixe et portable ou simple mise \u00e0 niveau via des conseils avis\u00e9s chez Alias informatique Vannes (56)\",\"breadcrumb\":{\"@id\":\"https:\/\/www.alias-informatique.net\/index.php\/services__trashed\/vente-dordinateurs-fixe-et-portables-pour-particuliers-et-professionnelles\/#breadcrumb\"},\"inLanguage\":\"fr-FR\",\"potentialAction\":[{\"@type\":\"ReadAction\",\"target\":[\"https:\/\/www.alias-informatique.net\/index.php\/services__trashed\/vente-dordinateurs-fixe-et-portables-pour-particuliers-et-professionnelles\/\"]}]},{\"@type\":\"BreadcrumbList\",\"@id\":\"https:\/\/www.alias-informatique.net\/index.php\/services__trashed\/vente-dordinateurs-fixe-et-portables-pour-particuliers-et-professionnelles\/#breadcrumb\",\"itemListElement\":[{\"@type\":\"ListItem\",\"position\":1,\"name\":\"Accueil\",\"item\":\"https:\/\/www.alias-informatique.net\/\"},{\"@type\":\"ListItem\",\"position\":2,\"name\":\"Vente d&rsquo;ordinateurs\"}]},{\"@type\":\"WebSite\",\"@id\":\"https:\/\/www.alias-informatique.net\/#website\",\"url\":\"https:\/\/www.alias-informatique.net\/\",\"name\":\"Alias informatique\",\"description\":\"R\u00e9paration et vente d&#039;ordinateurs pour particuliers et professionnelles\",\"potentialAction\":[{\"@type\":\"SearchAction\",\"target\":{\"@type\":\"EntryPoint\",\"urlTemplate\":\"https:\/\/www.alias-informatique.net\/?s={search_term_string}\"},\"query-input\":{\"@type\":\"PropertyValueSpecification\",\"valueRequired\":true,\"valueName\":\"search_term_string\"}}],\"inLanguage\":\"fr-FR\"}]}<\/script>\n<!-- \/ Yoast SEO plugin. -->","yoast_head_json":{"title":"Vente d'ordinateurs - Alias informatique","description":"Vente d'ordinateurs fixe et portable ou simple mise \u00e0 niveau via des conseils avis\u00e9s chez Alias informatique Vannes (56)","robots":{"index":"index","follow":"follow","max-snippet":"max-snippet:-1","max-image-preview":"max-image-preview:large","max-video-preview":"max-video-preview:-1"},"canonical":"https:\/\/www.alias-informatique.net\/index.php\/services__trashed\/vente-dordinateurs-fixe-et-portables-pour-particuliers-et-professionnelles\/","og_locale":"fr_FR","og_type":"article","og_title":"Vente d'ordinateurs - Alias informatique","og_description":"Vente d'ordinateurs fixe et portable ou simple mise \u00e0 niveau via des conseils avis\u00e9s chez Alias informatique Vannes (56)","og_url":"https:\/\/www.alias-informatique.net\/index.php\/services__trashed\/vente-dordinateurs-fixe-et-portables-pour-particuliers-et-professionnelles\/","og_site_name":"Alias informatique","article_modified_time":"2023-11-07T18:16:29+00:00","twitter_card":"summary_large_image","twitter_misc":{"Dur\u00e9e de lecture estim\u00e9e":"1 minute"},"schema":{"@context":"https:\/\/schema.org","@graph":[{"@type":"WebPage","@id":"https:\/\/www.alias-informatique.net\/index.php\/services__trashed\/vente-dordinateurs-fixe-et-portables-pour-particuliers-et-professionnelles\/","url":"https:\/\/www.alias-informatique.net\/index.php\/services__trashed\/vente-dordinateurs-fixe-et-portables-pour-particuliers-et-professionnelles\/","name":"Vente d'ordinateurs - Alias informatique","isPartOf":{"@id":"https:\/\/www.alias-informatique.net\/#website"},"datePublished":"2023-11-07T09:16:34+00:00","dateModified":"2023-11-07T18:16:29+00:00","description":"Vente d'ordinateurs fixe et portable ou simple mise \u00e0 niveau via des conseils avis\u00e9s chez Alias informatique Vannes (56)","breadcrumb":{"@id":"https:\/\/www.alias-informatique.net\/index.php\/services__trashed\/vente-dordinateurs-fixe-et-portables-pour-particuliers-et-professionnelles\/#breadcrumb"},"inLanguage":"fr-FR","potentialAction":[{"@type":"ReadAction","target":["https:\/\/www.alias-informatique.net\/index.php\/services__trashed\/vente-dordinateurs-fixe-et-portables-pour-particuliers-et-professionnelles\/"]}]},{"@type":"BreadcrumbList","@id":"https:\/\/www.alias-informatique.net\/index.php\/services__trashed\/vente-dordinateurs-fixe-et-portables-pour-particuliers-et-professionnelles\/#breadcrumb","itemListElement":[{"@type":"ListItem","position":1,"name":"Accueil","item":"https:\/\/www.alias-informatique.net\/"},{"@type":"ListItem","position":2,"name":"Vente d&rsquo;ordinateurs"}]},{"@type":"WebSite","@id":"https:\/\/www.alias-informatique.net\/#website","url":"https:\/\/www.alias-informatique.net\/","name":"Alias informatique","description":"R\u00e9paration et vente d&#039;ordinateurs pour particuliers et professionnelles","potentialAction":[{"@type":"SearchAction","target":{"@type":"EntryPoint","urlTemplate":"https:\/\/www.alias-informatique.net\/?s={search_term_string}"},"query-input":{"@type":"PropertyValueSpecification","valueRequired":true,"valueName":"search_term_string"}}],"inLanguage":"fr-FR"}]}},"_links":{"self":[{"href":"https:\/\/www.alias-informatique.net\/index.php\/wp-json\/wp\/v2\/pages\/900","targetHints":{"allow":["GET"]}}],"collection":[{"href":"https:\/\/www.alias-informatique.net\/index.php\/wp-json\/wp\/v2\/pages"}],"about":[{"href":"https:\/\/www.alias-informatique.net\/index.php\/wp-json\/wp\/v2\/types\/page"}],"author":[{"embeddable":true,"href":"https:\/\/www.alias-informatique.net\/index.php\/wp-json\/wp\/v2\/users\/1"}],"replies":[{"embeddable":true,"href":"https:\/\/www.alias-informatique.net\/index.php\/wp-json\/wp\/v2\/comments?post=900"}],"version-history":[{"count":6,"href":"https:\/\/www.alias-informatique.net\/index.php\/wp-json\/wp\/v2\/pages\/900\/revisions"}],"predecessor-version":[{"id":953,"href":"https:\/\/www.alias-informatique.net\/index.php\/wp-json\/wp\/v2\/pages\/900\/revisions\/953"}],"wp:attachment":[{"href":"https:\/\/www.alias-informatique.net\/index.php\/wp-json\/wp\/v2\/media?parent=900"}],"curies":[{"name":"wp","href":"https:\/\/api.w.org\/{rel}","templated":true}]}}