{"id":861,"date":"2023-11-07T10:13:16","date_gmt":"2023-11-07T09:13:16","guid":{"rendered":"https:\/\/www.alias-informatique.net\/?page_id=861"},"modified":"2023-11-07T19:14:42","modified_gmt":"2023-11-07T18:14:42","slug":"reparation-dordinateurs-fixe-et-partables","status":"publish","type":"page","link":"https:\/\/www.alias-informatique.net\/index.php\/reparation-dordinateurs-fixe-et-partables\/","title":{"rendered":"R\u00e9paration"},"content":{"rendered":"<p>[vc_row css=\u00a0\u00bb.vc_custom_1699342768164{margin-bottom: 0px !important;}\u00a0\u00bb][vc_column][wdc_heading title=\u00a0\u00bbR\u00e9paration informatique\u00a0\u00bb]Sur site et en atelier pour les particuliers et les professionnels[\/wdc_heading][\/vc_column][\/vc_row][vc_row css=\u00a0\u00bb.vc_custom_1699368202460{margin-bottom: 30px !important;}\u00a0\u00bb][vc_column width=\u00a0\u00bb1\/3&Prime;][vc_single_image image=\u00a0\u00bb784&Prime; img_size=\u00a0\u00bbmedium\u00a0\u00bb][\/vc_column][vc_column width=\u00a0\u00bb2\/3&Prime;][vc_column_text]Votre ordinateur fixe ou portable est lent ou en panne.<\/p>\n<p>Une pi\u00e8ce est cass\u00e9e ou tout simplement vous ne parvenez pas \u00e0 solutionner le probl\u00e8me.<\/p>\n<ul>\n<li>Appelez pour prendre rdv (Une intervention sur site est possible tous les apr\u00e8s midi et remboursable \u00e0 50% par les imp\u00f4ts si vous \u00eates un particulier)<\/li>\n<li>Passez (le matin c&rsquo;est sans rdv et le devis est gratuit<\/li>\n<\/ul>\n<p>Fort d&rsquo;une exp\u00e9rience de plus de 25 ans et d&rsquo;une passion sans borne pour \u00eatre toujours au coeur des nouveaut\u00e9s .<\/p>\n<ul>\n<li>Le tout pour vous en faire profiter<\/li>\n<\/ul>\n<div id=\"gtx-trans\" style=\"position: absolute; left: -190px; top: -8.8px;\">\n<div class=\"gtx-trans-icon\"><\/div>\n<\/div>\n<p>[\/vc_column_text][\/vc_column][\/vc_row][vc_row css=\u00a0\u00bb.vc_custom_1699370604351{margin-top: 35px !important;}\u00a0\u00bb][vc_column][\/vc_column][\/vc_row]<\/p>\n","protected":false},"excerpt":{"rendered":"<p>[vc_row css=\u00a0\u00bb.vc_custom_1699342768164{margin-bottom: 0px !important;}\u00a0\u00bb][vc_column][wdc_heading title=\u00a0\u00bbR\u00e9paration informatique\u00a0\u00bb]Sur site et en atelier pour les particuliers et les professionnels[\/wdc_heading][\/vc_column][\/vc_row][vc_row css=\u00a0\u00bb.vc_custom_1699368202460{margin-bottom: 30px !important;}\u00a0\u00bb][vc_column width=\u00a0\u00bb1\/3&Prime;][vc_single_image image=\u00a0\u00bb784&Prime; img_size=\u00a0\u00bbmedium\u00a0\u00bb][\/vc_column][vc_column width=\u00a0\u00bb2\/3&Prime;][vc_column_text]Votre ordinateur fixe ou portable est lent ou en panne. Une pi\u00e8ce est cass\u00e9e ou tout simplement vous ne parvenez pas \u00e0 solutionner le probl\u00e8me. Appelez pour prendre rdv (Une intervention sur site [&hellip;]<\/p>\n","protected":false},"author":1,"featured_media":0,"parent":0,"menu_order":0,"comment_status":"closed","ping_status":"open","template":"","meta":{"footnotes":""},"class_list":["post-861","page","type-page","status-publish","hentry"],"yoast_head":"<!-- This site is optimized with the Yoast SEO plugin v25.8 - https:\/\/yoast.com\/wordpress\/plugins\/seo\/ -->\n<title>R\u00e9paration - Alias informatique<\/title>\n<meta name=\"description\" content=\"R\u00e9paration d&#039;ordinateurs fixes et portable chez Alias informatique Vannes (56) sur site et en atelier. Sans rdv le matin entre 9h et 13h\" \/>\n<meta name=\"robots\" content=\"index, follow, max-snippet:-1, max-image-preview:large, max-video-preview:-1\" \/>\n<link rel=\"canonical\" href=\"https:\/\/www.alias-informatique.net\/index.php\/services__trashed\/reparation-dordinateurs-fixe-et-partables\/\" \/>\n<meta property=\"og:locale\" content=\"fr_FR\" \/>\n<meta property=\"og:type\" content=\"article\" \/>\n<meta property=\"og:title\" content=\"R\u00e9paration - Alias informatique\" \/>\n<meta property=\"og:description\" content=\"R\u00e9paration d&#039;ordinateurs fixes et portable chez Alias informatique Vannes (56) sur site et en atelier. Sans rdv le matin entre 9h et 13h\" \/>\n<meta property=\"og:url\" content=\"https:\/\/www.alias-informatique.net\/index.php\/services__trashed\/reparation-dordinateurs-fixe-et-partables\/\" \/>\n<meta property=\"og:site_name\" content=\"Alias informatique\" \/>\n<meta property=\"article:modified_time\" content=\"2023-11-07T18:14:42+00:00\" \/>\n<meta name=\"twitter:card\" content=\"summary_large_image\" \/>\n<meta name=\"twitter:label1\" content=\"Dur\u00e9e de lecture estim\u00e9e\" \/>\n\t<meta name=\"twitter:data1\" content=\"1 minute\" \/>\n<script type=\"application\/ld+json\" class=\"yoast-schema-graph\">{\"@context\":\"https:\/\/schema.org\",\"@graph\":[{\"@type\":\"WebPage\",\"@id\":\"https:\/\/www.alias-informatique.net\/index.php\/services__trashed\/reparation-dordinateurs-fixe-et-partables\/\",\"url\":\"https:\/\/www.alias-informatique.net\/index.php\/services__trashed\/reparation-dordinateurs-fixe-et-partables\/\",\"name\":\"R\u00e9paration - Alias informatique\",\"isPartOf\":{\"@id\":\"https:\/\/www.alias-informatique.net\/#website\"},\"datePublished\":\"2023-11-07T09:13:16+00:00\",\"dateModified\":\"2023-11-07T18:14:42+00:00\",\"description\":\"R\u00e9paration d'ordinateurs fixes et portable chez Alias informatique Vannes (56) sur site et en atelier. Sans rdv le matin entre 9h et 13h\",\"breadcrumb\":{\"@id\":\"https:\/\/www.alias-informatique.net\/index.php\/services__trashed\/reparation-dordinateurs-fixe-et-partables\/#breadcrumb\"},\"inLanguage\":\"fr-FR\",\"potentialAction\":[{\"@type\":\"ReadAction\",\"target\":[\"https:\/\/www.alias-informatique.net\/index.php\/services__trashed\/reparation-dordinateurs-fixe-et-partables\/\"]}]},{\"@type\":\"BreadcrumbList\",\"@id\":\"https:\/\/www.alias-informatique.net\/index.php\/services__trashed\/reparation-dordinateurs-fixe-et-partables\/#breadcrumb\",\"itemListElement\":[{\"@type\":\"ListItem\",\"position\":1,\"name\":\"Accueil\",\"item\":\"https:\/\/www.alias-informatique.net\/\"},{\"@type\":\"ListItem\",\"position\":2,\"name\":\"R\u00e9paration\"}]},{\"@type\":\"WebSite\",\"@id\":\"https:\/\/www.alias-informatique.net\/#website\",\"url\":\"https:\/\/www.alias-informatique.net\/\",\"name\":\"Alias informatique\",\"description\":\"R\u00e9paration et vente d&#039;ordinateurs pour particuliers et professionnelles\",\"potentialAction\":[{\"@type\":\"SearchAction\",\"target\":{\"@type\":\"EntryPoint\",\"urlTemplate\":\"https:\/\/www.alias-informatique.net\/?s={search_term_string}\"},\"query-input\":{\"@type\":\"PropertyValueSpecification\",\"valueRequired\":true,\"valueName\":\"search_term_string\"}}],\"inLanguage\":\"fr-FR\"}]}<\/script>\n<!-- \/ Yoast SEO plugin. -->","yoast_head_json":{"title":"R\u00e9paration - Alias informatique","description":"R\u00e9paration d'ordinateurs fixes et portable chez Alias informatique Vannes (56) sur site et en atelier. Sans rdv le matin entre 9h et 13h","robots":{"index":"index","follow":"follow","max-snippet":"max-snippet:-1","max-image-preview":"max-image-preview:large","max-video-preview":"max-video-preview:-1"},"canonical":"https:\/\/www.alias-informatique.net\/index.php\/services__trashed\/reparation-dordinateurs-fixe-et-partables\/","og_locale":"fr_FR","og_type":"article","og_title":"R\u00e9paration - Alias informatique","og_description":"R\u00e9paration d'ordinateurs fixes et portable chez Alias informatique Vannes (56) sur site et en atelier. Sans rdv le matin entre 9h et 13h","og_url":"https:\/\/www.alias-informatique.net\/index.php\/services__trashed\/reparation-dordinateurs-fixe-et-partables\/","og_site_name":"Alias informatique","article_modified_time":"2023-11-07T18:14:42+00:00","twitter_card":"summary_large_image","twitter_misc":{"Dur\u00e9e de lecture estim\u00e9e":"1 minute"},"schema":{"@context":"https:\/\/schema.org","@graph":[{"@type":"WebPage","@id":"https:\/\/www.alias-informatique.net\/index.php\/services__trashed\/reparation-dordinateurs-fixe-et-partables\/","url":"https:\/\/www.alias-informatique.net\/index.php\/services__trashed\/reparation-dordinateurs-fixe-et-partables\/","name":"R\u00e9paration - Alias informatique","isPartOf":{"@id":"https:\/\/www.alias-informatique.net\/#website"},"datePublished":"2023-11-07T09:13:16+00:00","dateModified":"2023-11-07T18:14:42+00:00","description":"R\u00e9paration d'ordinateurs fixes et portable chez Alias informatique Vannes (56) sur site et en atelier. Sans rdv le matin entre 9h et 13h","breadcrumb":{"@id":"https:\/\/www.alias-informatique.net\/index.php\/services__trashed\/reparation-dordinateurs-fixe-et-partables\/#breadcrumb"},"inLanguage":"fr-FR","potentialAction":[{"@type":"ReadAction","target":["https:\/\/www.alias-informatique.net\/index.php\/services__trashed\/reparation-dordinateurs-fixe-et-partables\/"]}]},{"@type":"BreadcrumbList","@id":"https:\/\/www.alias-informatique.net\/index.php\/services__trashed\/reparation-dordinateurs-fixe-et-partables\/#breadcrumb","itemListElement":[{"@type":"ListItem","position":1,"name":"Accueil","item":"https:\/\/www.alias-informatique.net\/"},{"@type":"ListItem","position":2,"name":"R\u00e9paration"}]},{"@type":"WebSite","@id":"https:\/\/www.alias-informatique.net\/#website","url":"https:\/\/www.alias-informatique.net\/","name":"Alias informatique","description":"R\u00e9paration et vente d&#039;ordinateurs pour particuliers et professionnelles","potentialAction":[{"@type":"SearchAction","target":{"@type":"EntryPoint","urlTemplate":"https:\/\/www.alias-informatique.net\/?s={search_term_string}"},"query-input":{"@type":"PropertyValueSpecification","valueRequired":true,"valueName":"search_term_string"}}],"inLanguage":"fr-FR"}]}},"_links":{"self":[{"href":"https:\/\/www.alias-informatique.net\/index.php\/wp-json\/wp\/v2\/pages\/861","targetHints":{"allow":["GET"]}}],"collection":[{"href":"https:\/\/www.alias-informatique.net\/index.php\/wp-json\/wp\/v2\/pages"}],"about":[{"href":"https:\/\/www.alias-informatique.net\/index.php\/wp-json\/wp\/v2\/types\/page"}],"author":[{"embeddable":true,"href":"https:\/\/www.alias-informatique.net\/index.php\/wp-json\/wp\/v2\/users\/1"}],"replies":[{"embeddable":true,"href":"https:\/\/www.alias-informatique.net\/index.php\/wp-json\/wp\/v2\/comments?post=861"}],"version-history":[{"count":7,"href":"https:\/\/www.alias-informatique.net\/index.php\/wp-json\/wp\/v2\/pages\/861\/revisions"}],"predecessor-version":[{"id":952,"href":"https:\/\/www.alias-informatique.net\/index.php\/wp-json\/wp\/v2\/pages\/861\/revisions\/952"}],"wp:attachment":[{"href":"https:\/\/www.alias-informatique.net\/index.php\/wp-json\/wp\/v2\/media?parent=861"}],"curies":[{"name":"wp","href":"https:\/\/api.w.org\/{rel}","templated":true}]}}