{"id":847,"date":"2023-11-07T09:54:21","date_gmt":"2023-11-07T08:54:21","guid":{"rendered":"https:\/\/www.alias-informatique.net\/?page_id=847"},"modified":"2025-08-31T21:10:32","modified_gmt":"2025-08-31T19:10:32","slug":"tarifs-de-la-societe-alias-informatique-vannes-56","status":"publish","type":"page","link":"https:\/\/www.alias-informatique.net\/index.php\/tarifs-de-la-societe-alias-informatique-vannes-56\/","title":{"rendered":"Tarifs"},"content":{"rendered":"<p>[vc_row css=\u00a0\u00bb.vc_custom_1699342768164{margin-bottom: 0px !important;}\u00a0\u00bb][vc_column][wdc_heading title=\u00a0\u00bbIntervention en atelier\u00a0\u00bb]Tous les matins de 9h \u00e0 13h du lundi au vendredi et sans rdv[\/wdc_heading][\/vc_column][\/vc_row][vc_row][vc_column width=\u00a0\u00bb1\/3&Prime;][vc_single_image image=\u00a0\u00bb961&Prime; img_size=\u00a0\u00bbmedium\u00a0\u00bb][\/vc_column][vc_column width=\u00a0\u00bb2\/3&Prime;][vc_column_text]Le forfait est de 98 \u20acttc quel que soit le temps pass\u00e9<\/p>\n<p>Sauf intervention :<\/p>\n<ul>\n<li>Tr\u00e8s rapide ou par prise de cont\u00f4le \u00e0 distance et dans ce cas c&rsquo;est souvent gratuit<\/li>\n<li>Relativement rapide, moins d&rsquo;une demi-heure, et dans ce cas le prix tombe \u00e0 49 \u20acttc<\/li>\n<li>Il y a des pi\u00e8ces \u00e0 changer : un devis est \u00e9tablit<\/li>\n<\/ul>\n<p>[\/vc_column_text][\/vc_column][\/vc_row][vc_row][vc_column][wdc_heading title=\u00a0\u00bbIntervention \u00e0 domicile\u00a0\u00bb]Tous les apr\u00e8s midi de 14h \u00e0 18h30 du lundi au vendredi[\/wdc_heading][\/vc_column][\/vc_row][vc_row][vc_column width=\u00a0\u00bb1\/3&Prime;][vc_single_image image=\u00a0\u00bb858&Prime; img_size=\u00a0\u00bbmedium\u00a0\u00bb][\/vc_column][vc_column width=\u00a0\u00bb2\/3&Prime;][vc_column_text]L&rsquo;intervention peut faire l&rsquo;objet d&rsquo;une facture sous forme de service \u00e0 domicile via la MDSAP.<\/p>\n<p>Dans ce cas, 50% du prix est r\u00e9cup\u00e9rable via les imp\u00f4ts au m\u00eame titre qu&rsquo;une aide m\u00e9nag\u00e8re.<\/p>\n<p>Valable uniquement pour les particuliers.<\/p>\n<p>Les d\u00e9pacements ont lieu dans un rayon de 50km autour de Vannes.[\/vc_column_text][\/vc_column][\/vc_row][vc_row css=\u00a0\u00bb.vc_custom_1699370654641{margin-top: 35px !important;}\u00a0\u00bb][vc_column][\/vc_column][\/vc_row]<\/p>\n","protected":false},"excerpt":{"rendered":"<p>[vc_row css=\u00a0\u00bb.vc_custom_1699342768164{margin-bottom: 0px !important;}\u00a0\u00bb][vc_column][wdc_heading title=\u00a0\u00bbIntervention en atelier\u00a0\u00bb]Tous les matins de 9h \u00e0 13h du lundi au vendredi et sans rdv[\/wdc_heading][\/vc_column][\/vc_row][vc_row][vc_column width=\u00a0\u00bb1\/3&Prime;][vc_single_image image=\u00a0\u00bb961&Prime; img_size=\u00a0\u00bbmedium\u00a0\u00bb][\/vc_column][vc_column width=\u00a0\u00bb2\/3&Prime;][vc_column_text]Le forfait est de 98 \u20acttc quel que soit le temps pass\u00e9 Sauf intervention : Tr\u00e8s rapide ou par prise de cont\u00f4le \u00e0 distance et dans ce cas c&rsquo;est souvent gratuit Relativement [&hellip;]<\/p>\n","protected":false},"author":1,"featured_media":0,"parent":0,"menu_order":0,"comment_status":"closed","ping_status":"open","template":"","meta":{"footnotes":""},"class_list":["post-847","page","type-page","status-publish","hentry"],"yoast_head":"<!-- This site is optimized with the Yoast SEO plugin v25.8 - https:\/\/yoast.com\/wordpress\/plugins\/seo\/ -->\n<title>Tarifs - Alias informatique<\/title>\n<meta name=\"description\" content=\"Tarifs de la soci\u00e9t\u00e9 Alias informatique Vannes (56). Prestations sur site et en atelier. Service \u00e0 la personne.\" \/>\n<meta name=\"robots\" content=\"index, follow, max-snippet:-1, max-image-preview:large, max-video-preview:-1\" \/>\n<link rel=\"canonical\" href=\"https:\/\/www.alias-informatique.net\/index.php\/tarifs-de-la-societe-alias-informatique-vannes-56\/\" \/>\n<meta property=\"og:locale\" content=\"fr_FR\" \/>\n<meta property=\"og:type\" content=\"article\" \/>\n<meta property=\"og:title\" content=\"Tarifs - Alias informatique\" \/>\n<meta property=\"og:description\" content=\"Tarifs de la soci\u00e9t\u00e9 Alias informatique Vannes (56). Prestations sur site et en atelier. Service \u00e0 la personne.\" \/>\n<meta property=\"og:url\" content=\"https:\/\/www.alias-informatique.net\/index.php\/tarifs-de-la-societe-alias-informatique-vannes-56\/\" \/>\n<meta property=\"og:site_name\" content=\"Alias informatique\" \/>\n<meta property=\"article:modified_time\" content=\"2025-08-31T19:10:32+00:00\" \/>\n<meta name=\"twitter:card\" content=\"summary_large_image\" \/>\n<meta name=\"twitter:label1\" content=\"Dur\u00e9e de lecture estim\u00e9e\" \/>\n\t<meta name=\"twitter:data1\" content=\"1 minute\" \/>\n<script type=\"application\/ld+json\" class=\"yoast-schema-graph\">{\"@context\":\"https:\/\/schema.org\",\"@graph\":[{\"@type\":\"WebPage\",\"@id\":\"https:\/\/www.alias-informatique.net\/index.php\/tarifs-de-la-societe-alias-informatique-vannes-56\/\",\"url\":\"https:\/\/www.alias-informatique.net\/index.php\/tarifs-de-la-societe-alias-informatique-vannes-56\/\",\"name\":\"Tarifs - Alias informatique\",\"isPartOf\":{\"@id\":\"https:\/\/www.alias-informatique.net\/#website\"},\"datePublished\":\"2023-11-07T08:54:21+00:00\",\"dateModified\":\"2025-08-31T19:10:32+00:00\",\"description\":\"Tarifs de la soci\u00e9t\u00e9 Alias informatique Vannes (56). Prestations sur site et en atelier. Service \u00e0 la personne.\",\"breadcrumb\":{\"@id\":\"https:\/\/www.alias-informatique.net\/index.php\/tarifs-de-la-societe-alias-informatique-vannes-56\/#breadcrumb\"},\"inLanguage\":\"fr-FR\",\"potentialAction\":[{\"@type\":\"ReadAction\",\"target\":[\"https:\/\/www.alias-informatique.net\/index.php\/tarifs-de-la-societe-alias-informatique-vannes-56\/\"]}]},{\"@type\":\"BreadcrumbList\",\"@id\":\"https:\/\/www.alias-informatique.net\/index.php\/tarifs-de-la-societe-alias-informatique-vannes-56\/#breadcrumb\",\"itemListElement\":[{\"@type\":\"ListItem\",\"position\":1,\"name\":\"Accueil\",\"item\":\"https:\/\/www.alias-informatique.net\/\"},{\"@type\":\"ListItem\",\"position\":2,\"name\":\"Tarifs\"}]},{\"@type\":\"WebSite\",\"@id\":\"https:\/\/www.alias-informatique.net\/#website\",\"url\":\"https:\/\/www.alias-informatique.net\/\",\"name\":\"Alias informatique\",\"description\":\"R\u00e9paration et vente d&#039;ordinateurs pour particuliers et professionnelles\",\"potentialAction\":[{\"@type\":\"SearchAction\",\"target\":{\"@type\":\"EntryPoint\",\"urlTemplate\":\"https:\/\/www.alias-informatique.net\/?s={search_term_string}\"},\"query-input\":{\"@type\":\"PropertyValueSpecification\",\"valueRequired\":true,\"valueName\":\"search_term_string\"}}],\"inLanguage\":\"fr-FR\"}]}<\/script>\n<!-- \/ Yoast SEO plugin. -->","yoast_head_json":{"title":"Tarifs - Alias informatique","description":"Tarifs de la soci\u00e9t\u00e9 Alias informatique Vannes (56). Prestations sur site et en atelier. Service \u00e0 la personne.","robots":{"index":"index","follow":"follow","max-snippet":"max-snippet:-1","max-image-preview":"max-image-preview:large","max-video-preview":"max-video-preview:-1"},"canonical":"https:\/\/www.alias-informatique.net\/index.php\/tarifs-de-la-societe-alias-informatique-vannes-56\/","og_locale":"fr_FR","og_type":"article","og_title":"Tarifs - Alias informatique","og_description":"Tarifs de la soci\u00e9t\u00e9 Alias informatique Vannes (56). Prestations sur site et en atelier. Service \u00e0 la personne.","og_url":"https:\/\/www.alias-informatique.net\/index.php\/tarifs-de-la-societe-alias-informatique-vannes-56\/","og_site_name":"Alias informatique","article_modified_time":"2025-08-31T19:10:32+00:00","twitter_card":"summary_large_image","twitter_misc":{"Dur\u00e9e de lecture estim\u00e9e":"1 minute"},"schema":{"@context":"https:\/\/schema.org","@graph":[{"@type":"WebPage","@id":"https:\/\/www.alias-informatique.net\/index.php\/tarifs-de-la-societe-alias-informatique-vannes-56\/","url":"https:\/\/www.alias-informatique.net\/index.php\/tarifs-de-la-societe-alias-informatique-vannes-56\/","name":"Tarifs - Alias informatique","isPartOf":{"@id":"https:\/\/www.alias-informatique.net\/#website"},"datePublished":"2023-11-07T08:54:21+00:00","dateModified":"2025-08-31T19:10:32+00:00","description":"Tarifs de la soci\u00e9t\u00e9 Alias informatique Vannes (56). Prestations sur site et en atelier. Service \u00e0 la personne.","breadcrumb":{"@id":"https:\/\/www.alias-informatique.net\/index.php\/tarifs-de-la-societe-alias-informatique-vannes-56\/#breadcrumb"},"inLanguage":"fr-FR","potentialAction":[{"@type":"ReadAction","target":["https:\/\/www.alias-informatique.net\/index.php\/tarifs-de-la-societe-alias-informatique-vannes-56\/"]}]},{"@type":"BreadcrumbList","@id":"https:\/\/www.alias-informatique.net\/index.php\/tarifs-de-la-societe-alias-informatique-vannes-56\/#breadcrumb","itemListElement":[{"@type":"ListItem","position":1,"name":"Accueil","item":"https:\/\/www.alias-informatique.net\/"},{"@type":"ListItem","position":2,"name":"Tarifs"}]},{"@type":"WebSite","@id":"https:\/\/www.alias-informatique.net\/#website","url":"https:\/\/www.alias-informatique.net\/","name":"Alias informatique","description":"R\u00e9paration et vente d&#039;ordinateurs pour particuliers et professionnelles","potentialAction":[{"@type":"SearchAction","target":{"@type":"EntryPoint","urlTemplate":"https:\/\/www.alias-informatique.net\/?s={search_term_string}"},"query-input":{"@type":"PropertyValueSpecification","valueRequired":true,"valueName":"search_term_string"}}],"inLanguage":"fr-FR"}]}},"_links":{"self":[{"href":"https:\/\/www.alias-informatique.net\/index.php\/wp-json\/wp\/v2\/pages\/847","targetHints":{"allow":["GET"]}}],"collection":[{"href":"https:\/\/www.alias-informatique.net\/index.php\/wp-json\/wp\/v2\/pages"}],"about":[{"href":"https:\/\/www.alias-informatique.net\/index.php\/wp-json\/wp\/v2\/types\/page"}],"author":[{"embeddable":true,"href":"https:\/\/www.alias-informatique.net\/index.php\/wp-json\/wp\/v2\/users\/1"}],"replies":[{"embeddable":true,"href":"https:\/\/www.alias-informatique.net\/index.php\/wp-json\/wp\/v2\/comments?post=847"}],"version-history":[{"count":7,"href":"https:\/\/www.alias-informatique.net\/index.php\/wp-json\/wp\/v2\/pages\/847\/revisions"}],"predecessor-version":[{"id":962,"href":"https:\/\/www.alias-informatique.net\/index.php\/wp-json\/wp\/v2\/pages\/847\/revisions\/962"}],"wp:attachment":[{"href":"https:\/\/www.alias-informatique.net\/index.php\/wp-json\/wp\/v2\/media?parent=847"}],"curies":[{"name":"wp","href":"https:\/\/api.w.org\/{rel}","templated":true}]}}