{"id":207,"date":"2019-03-14T15:11:42","date_gmt":"2019-03-14T15:11:42","guid":{"rendered":"http:\/\/iwebdc.com\/demo\/ostrya\/?page_id=207"},"modified":"2023-11-07T19:12:44","modified_gmt":"2023-11-07T18:12:44","slug":"societe-alias-informatique","status":"publish","type":"page","link":"https:\/\/www.alias-informatique.net\/index.php\/societe-alias-informatique\/","title":{"rendered":"Soci\u00e9t\u00e9"},"content":{"rendered":"<p>[vc_row css=\u00a0\u00bb.vc_custom_1699342768164{margin-bottom: 0px !important;}\u00a0\u00bb][vc_column][wdc_heading title=\u00a0\u00bbLa soci\u00e9t\u00e9 ALIAS Informatique\u00a0\u00bb]A votre service depuis 1997[\/wdc_heading][vc_row_inner][vc_column_inner width=\u00a0\u00bb1\/3&Prime;][vc_single_image image=\u00a0\u00bb785&Prime; img_size=\u00a0\u00bbmedium\u00a0\u00bb][\/vc_column_inner][vc_column_inner width=\u00a0\u00bb2\/3&Prime;][vc_column_text]Install\u00e9 sur la zone de Parc Lann depuis 2005 afin de pouvoir mieux vous accuillir.<\/p>\n<p>La reconnaissance facile du b\u00e2timent avec son grand chiffre 6, et la possibilit\u00e9 de pouvoir se garer juste devant la porte le temps de charger ou de d\u00e9charger.<\/p>\n<p>Depuis 2018, une barri\u00e8re automatique a \u00e9t\u00e9 pos\u00e9e. Elle s&rsquo;ouvre automatiquement \u00e0 l&rsquo;approche d&rsquo;une voiture et permet de garantir une place de parking gratuite.[\/vc_column_text][\/vc_column_inner][\/vc_row_inner][\/vc_column][\/vc_row][vc_row][vc_column][wdc_heading title=\u00a0\u00bbCe qu&rsquo;elle apporte\u00a0\u00bb]Les rendus et les attentes[\/wdc_heading][\/vc_column][\/vc_row][vc_row][vc_column width=\u00a0\u00bb1\/3&Prime;][vc_single_image image=\u00a0\u00bb782&Prime; img_size=\u00a0\u00bbmedium\u00a0\u00bb][\/vc_column][vc_column width=\u00a0\u00bb2\/3&Prime;][vc_column_text]Une r\u00e9pidit\u00e9, une efficacit\u00e9 aussi bien pour les particuliers que pour les professionnels.<\/p>\n<p>Une \u00e9coute attentive des besoins pour des conseils avis\u00e9s afin de maximiser le service rendu pour un budget donn\u00e9.[\/vc_column_text][\/vc_column][\/vc_row][vc_row][vc_column][wdc_heading title=\u00a0\u00bbLe g\u00e9rant\u00a0\u00bb]Au service des particuliers et des professionnels depuis plus de 25 ans[\/wdc_heading][\/vc_column][\/vc_row][vc_row][vc_column width=\u00a0\u00bb1\/3&Prime;][vc_single_image image=\u00a0\u00bb781&Prime; img_size=\u00a0\u00bbmedium\u00a0\u00bb][\/vc_column][vc_column width=\u00a0\u00bb2\/3&Prime;][vc_column_text]Jean-Paul LE LOC&rsquo;H<\/p>\n<p>Informaticien<\/p>\n<p>G\u00e9rant de la soci\u00e9t\u00e9[\/vc_column_text][\/vc_column][\/vc_row][vc_row css=\u00a0\u00bb.vc_custom_1699370713765{margin-top: 35px !important;}\u00a0\u00bb][vc_column][\/vc_column][\/vc_row]<\/p>\n","protected":false},"excerpt":{"rendered":"<p>[vc_row css=\u00a0\u00bb.vc_custom_1699342768164{margin-bottom: 0px !important;}\u00a0\u00bb][vc_column][wdc_heading title=\u00a0\u00bbLa soci\u00e9t\u00e9 ALIAS Informatique\u00a0\u00bb]A votre service depuis 1997[\/wdc_heading][vc_row_inner][vc_column_inner width=\u00a0\u00bb1\/3&Prime;][vc_single_image image=\u00a0\u00bb785&Prime; img_size=\u00a0\u00bbmedium\u00a0\u00bb][\/vc_column_inner][vc_column_inner width=\u00a0\u00bb2\/3&Prime;][vc_column_text]Install\u00e9 sur la zone de Parc Lann depuis 2005 afin de pouvoir mieux vous accuillir. La reconnaissance facile du b\u00e2timent avec son grand chiffre 6, et la possibilit\u00e9 de pouvoir se garer juste devant la porte le temps de charger [&hellip;]<\/p>\n","protected":false},"author":1,"featured_media":0,"parent":0,"menu_order":0,"comment_status":"closed","ping_status":"closed","template":"","meta":{"footnotes":""},"class_list":["post-207","page","type-page","status-publish","hentry"],"yoast_head":"<!-- This site is optimized with the Yoast SEO plugin v25.8 - https:\/\/yoast.com\/wordpress\/plugins\/seo\/ -->\n<title>Soci\u00e9t\u00e9 - Alias informatique<\/title>\n<meta name=\"description\" content=\"Pr\u00e9sentation de la soci\u00e9t\u00e9 Alias informatique Vannes(56). A votre service depuis plus de 25 ans sur Vannes et sa r\u00e9gion\" \/>\n<meta name=\"robots\" content=\"index, follow, max-snippet:-1, max-image-preview:large, max-video-preview:-1\" \/>\n<link rel=\"canonical\" href=\"https:\/\/www.alias-informatique.net\/index.php\/services__trashed\/societe-alias-informatique\/\" \/>\n<meta property=\"og:locale\" content=\"fr_FR\" \/>\n<meta property=\"og:type\" content=\"article\" \/>\n<meta property=\"og:title\" content=\"Soci\u00e9t\u00e9 - Alias informatique\" \/>\n<meta property=\"og:description\" content=\"Pr\u00e9sentation de la soci\u00e9t\u00e9 Alias informatique Vannes(56). A votre service depuis plus de 25 ans sur Vannes et sa r\u00e9gion\" \/>\n<meta property=\"og:url\" content=\"https:\/\/www.alias-informatique.net\/index.php\/services__trashed\/societe-alias-informatique\/\" \/>\n<meta property=\"og:site_name\" content=\"Alias informatique\" \/>\n<meta property=\"article:modified_time\" content=\"2023-11-07T18:12:44+00:00\" \/>\n<meta name=\"twitter:card\" content=\"summary_large_image\" \/>\n<meta name=\"twitter:label1\" content=\"Dur\u00e9e de lecture estim\u00e9e\" \/>\n\t<meta name=\"twitter:data1\" content=\"1 minute\" \/>\n<script type=\"application\/ld+json\" class=\"yoast-schema-graph\">{\"@context\":\"https:\/\/schema.org\",\"@graph\":[{\"@type\":\"WebPage\",\"@id\":\"https:\/\/www.alias-informatique.net\/index.php\/services__trashed\/societe-alias-informatique\/\",\"url\":\"https:\/\/www.alias-informatique.net\/index.php\/services__trashed\/societe-alias-informatique\/\",\"name\":\"Soci\u00e9t\u00e9 - Alias informatique\",\"isPartOf\":{\"@id\":\"https:\/\/www.alias-informatique.net\/#website\"},\"datePublished\":\"2019-03-14T15:11:42+00:00\",\"dateModified\":\"2023-11-07T18:12:44+00:00\",\"description\":\"Pr\u00e9sentation de la soci\u00e9t\u00e9 Alias informatique Vannes(56). A votre service depuis plus de 25 ans sur Vannes et sa r\u00e9gion\",\"breadcrumb\":{\"@id\":\"https:\/\/www.alias-informatique.net\/index.php\/services__trashed\/societe-alias-informatique\/#breadcrumb\"},\"inLanguage\":\"fr-FR\",\"potentialAction\":[{\"@type\":\"ReadAction\",\"target\":[\"https:\/\/www.alias-informatique.net\/index.php\/services__trashed\/societe-alias-informatique\/\"]}]},{\"@type\":\"BreadcrumbList\",\"@id\":\"https:\/\/www.alias-informatique.net\/index.php\/services__trashed\/societe-alias-informatique\/#breadcrumb\",\"itemListElement\":[{\"@type\":\"ListItem\",\"position\":1,\"name\":\"Accueil\",\"item\":\"https:\/\/www.alias-informatique.net\/\"},{\"@type\":\"ListItem\",\"position\":2,\"name\":\"Soci\u00e9t\u00e9\"}]},{\"@type\":\"WebSite\",\"@id\":\"https:\/\/www.alias-informatique.net\/#website\",\"url\":\"https:\/\/www.alias-informatique.net\/\",\"name\":\"Alias informatique\",\"description\":\"R\u00e9paration et vente d&#039;ordinateurs pour particuliers et professionnelles\",\"potentialAction\":[{\"@type\":\"SearchAction\",\"target\":{\"@type\":\"EntryPoint\",\"urlTemplate\":\"https:\/\/www.alias-informatique.net\/?s={search_term_string}\"},\"query-input\":{\"@type\":\"PropertyValueSpecification\",\"valueRequired\":true,\"valueName\":\"search_term_string\"}}],\"inLanguage\":\"fr-FR\"}]}<\/script>\n<!-- \/ Yoast SEO plugin. -->","yoast_head_json":{"title":"Soci\u00e9t\u00e9 - Alias informatique","description":"Pr\u00e9sentation de la soci\u00e9t\u00e9 Alias informatique Vannes(56). A votre service depuis plus de 25 ans sur Vannes et sa r\u00e9gion","robots":{"index":"index","follow":"follow","max-snippet":"max-snippet:-1","max-image-preview":"max-image-preview:large","max-video-preview":"max-video-preview:-1"},"canonical":"https:\/\/www.alias-informatique.net\/index.php\/services__trashed\/societe-alias-informatique\/","og_locale":"fr_FR","og_type":"article","og_title":"Soci\u00e9t\u00e9 - Alias informatique","og_description":"Pr\u00e9sentation de la soci\u00e9t\u00e9 Alias informatique Vannes(56). A votre service depuis plus de 25 ans sur Vannes et sa r\u00e9gion","og_url":"https:\/\/www.alias-informatique.net\/index.php\/services__trashed\/societe-alias-informatique\/","og_site_name":"Alias informatique","article_modified_time":"2023-11-07T18:12:44+00:00","twitter_card":"summary_large_image","twitter_misc":{"Dur\u00e9e de lecture estim\u00e9e":"1 minute"},"schema":{"@context":"https:\/\/schema.org","@graph":[{"@type":"WebPage","@id":"https:\/\/www.alias-informatique.net\/index.php\/services__trashed\/societe-alias-informatique\/","url":"https:\/\/www.alias-informatique.net\/index.php\/services__trashed\/societe-alias-informatique\/","name":"Soci\u00e9t\u00e9 - Alias informatique","isPartOf":{"@id":"https:\/\/www.alias-informatique.net\/#website"},"datePublished":"2019-03-14T15:11:42+00:00","dateModified":"2023-11-07T18:12:44+00:00","description":"Pr\u00e9sentation de la soci\u00e9t\u00e9 Alias informatique Vannes(56). A votre service depuis plus de 25 ans sur Vannes et sa r\u00e9gion","breadcrumb":{"@id":"https:\/\/www.alias-informatique.net\/index.php\/services__trashed\/societe-alias-informatique\/#breadcrumb"},"inLanguage":"fr-FR","potentialAction":[{"@type":"ReadAction","target":["https:\/\/www.alias-informatique.net\/index.php\/services__trashed\/societe-alias-informatique\/"]}]},{"@type":"BreadcrumbList","@id":"https:\/\/www.alias-informatique.net\/index.php\/services__trashed\/societe-alias-informatique\/#breadcrumb","itemListElement":[{"@type":"ListItem","position":1,"name":"Accueil","item":"https:\/\/www.alias-informatique.net\/"},{"@type":"ListItem","position":2,"name":"Soci\u00e9t\u00e9"}]},{"@type":"WebSite","@id":"https:\/\/www.alias-informatique.net\/#website","url":"https:\/\/www.alias-informatique.net\/","name":"Alias informatique","description":"R\u00e9paration et vente d&#039;ordinateurs pour particuliers et professionnelles","potentialAction":[{"@type":"SearchAction","target":{"@type":"EntryPoint","urlTemplate":"https:\/\/www.alias-informatique.net\/?s={search_term_string}"},"query-input":{"@type":"PropertyValueSpecification","valueRequired":true,"valueName":"search_term_string"}}],"inLanguage":"fr-FR"}]}},"_links":{"self":[{"href":"https:\/\/www.alias-informatique.net\/index.php\/wp-json\/wp\/v2\/pages\/207","targetHints":{"allow":["GET"]}}],"collection":[{"href":"https:\/\/www.alias-informatique.net\/index.php\/wp-json\/wp\/v2\/pages"}],"about":[{"href":"https:\/\/www.alias-informatique.net\/index.php\/wp-json\/wp\/v2\/types\/page"}],"author":[{"embeddable":true,"href":"https:\/\/www.alias-informatique.net\/index.php\/wp-json\/wp\/v2\/users\/1"}],"replies":[{"embeddable":true,"href":"https:\/\/www.alias-informatique.net\/index.php\/wp-json\/wp\/v2\/comments?post=207"}],"version-history":[{"count":11,"href":"https:\/\/www.alias-informatique.net\/index.php\/wp-json\/wp\/v2\/pages\/207\/revisions"}],"predecessor-version":[{"id":951,"href":"https:\/\/www.alias-informatique.net\/index.php\/wp-json\/wp\/v2\/pages\/207\/revisions\/951"}],"wp:attachment":[{"href":"https:\/\/www.alias-informatique.net\/index.php\/wp-json\/wp\/v2\/media?parent=207"}],"curies":[{"name":"wp","href":"https:\/\/api.w.org\/{rel}","templated":true}]}}