{"id":159,"date":"2019-03-01T14:50:55","date_gmt":"2019-03-01T14:50:55","guid":{"rendered":"http:\/\/iwebdc.com\/demo\/ostrya\/?page_id=159"},"modified":"2023-11-07T17:03:36","modified_gmt":"2023-11-07T16:03:36","slug":"contact-alias-informatique-vannes-56","status":"publish","type":"page","link":"https:\/\/www.alias-informatique.net\/index.php\/contact-alias-informatique-vannes-56\/","title":{"rendered":"Contact"},"content":{"rendered":"<p>[vc_row wdc_remove_padding=\u00a0\u00bbyes\u00a0\u00bb wdc_full_width=\u00a0\u00bb2&Prime; css=\u00a0\u00bb.vc_custom_1444633257299{margin-bottom: 0px !important;}\u00a0\u00bb][vc_column][vc_gmaps link=\u00a0\u00bb#E-8_JTNDaWZyYW1lJTIwc3JjJTNEJTIyaHR0cHMlM0ElMkYlMkZ3d3cuZ29vZ2xlLmNvbSUyRm1hcHMlMkZlbWJlZCUzRnBiJTNEJTIxMW0xOCUyMTFtMTIlMjExbTMlMjExZDE4MDc0Ljg5MTYxMTA4MjQ1OCUyMTJkLTIuNzk0MDQwNjc4MDIyMjY5JTIxM2Q0Ny42Njc5MzUzMDg0ODY0NiUyMTJtMyUyMTFmMCUyMTJmMCUyMTNmMCUyMTNtMiUyMTFpMTAyNCUyMTJpNzY4JTIxNGYxMy4xJTIxM20zJTIxMW0yJTIxMXMweDQ4MTAxZWIzZjU5NTI5NWIlMjUzQTB4OWEzMjkyOTZhNWQ5Y2QwNCUyMTJzQWxpYXMlMjUyMGluZm9ybWF0aXF1ZSUyMTVlMCUyMTNtMiUyMTFzZnIlMjEyc2ZyJTIxNHYxNjk5MjA3MjA2ODM3JTIxNW0yJTIxMXNmciUyMTJzZnIlMjIlMjB3aWR0aCUzRCUyMjYwMCUyMiUyMGhlaWdodCUzRCUyMjQ1MCUyMiUyMHN0eWxlJTNEJTIyYm9yZGVyJTNBMCUzQiUyMiUyMGFsbG93ZnVsbHNjcmVlbiUzRCUyMiUyMiUyMGxvYWRpbmclM0QlMjJsYXp5JTIyJTIwcmVmZXJyZXJwb2xpY3klM0QlMjJuby1yZWZlcnJlci13aGVuLWRvd25ncmFkZSUyMiUzRSUzQyUyRmlmcmFtZSUzRQ==\u00a0\u00bb size=\u00a0\u00bb400&Prime; css=\u00a0\u00bb.vc_custom_1699207299694{margin-top: 0px !important;}\u00a0\u00bb][\/vc_column][\/vc_row][vc_row css=\u00a0\u00bb.vc_custom_1451525930914{margin-bottom: 0px !important;padding-top: 80px !important;padding-bottom: 60px !important;}\u00a0\u00bb][vc_column width=\u00a0\u00bb2\/3&Prime;][wdc_heading title=\u00a0\u00bbVotre message\u00a0\u00bb][\/wdc_heading]\n<div class=\"wpcf7 no-js\" id=\"wpcf7-f6-o1\" lang=\"fr-FR\" dir=\"ltr\" data-wpcf7-id=\"6\">\n<div class=\"screen-reader-response\"><p role=\"status\" aria-live=\"polite\" aria-atomic=\"true\"><\/p> <ul><\/ul><\/div>\n<form action=\"\/index.php\/wp-json\/wp\/v2\/pages\/159#wpcf7-f6-o1\" method=\"post\" class=\"wpcf7-form init\" aria-label=\"Formulaire de contact\" novalidate=\"novalidate\" data-status=\"init\">\n<fieldset class=\"hidden-fields-container\"><input type=\"hidden\" name=\"_wpcf7\" value=\"6\" \/><input type=\"hidden\" name=\"_wpcf7_version\" value=\"6.1.1\" \/><input type=\"hidden\" name=\"_wpcf7_locale\" value=\"fr_FR\" \/><input type=\"hidden\" name=\"_wpcf7_unit_tag\" value=\"wpcf7-f6-o1\" \/><input type=\"hidden\" name=\"_wpcf7_container_post\" value=\"0\" \/><input type=\"hidden\" name=\"_wpcf7_posted_data_hash\" value=\"\" \/>\n<\/fieldset>\n<p><label> Nom<br \/>\n<span class=\"wpcf7-form-control-wrap\" data-name=\"your-name\"><input size=\"40\" maxlength=\"400\" class=\"wpcf7-form-control wpcf7-text wpcf7-validates-as-required\" autocomplete=\"name\" aria-required=\"true\" aria-invalid=\"false\" value=\"\" type=\"text\" name=\"your-name\" \/><\/span> <\/label>\n<\/p>\n<p><label> E-mail<br \/>\n<span class=\"wpcf7-form-control-wrap\" data-name=\"your-email\"><input size=\"40\" maxlength=\"400\" class=\"wpcf7-form-control wpcf7-email wpcf7-validates-as-required wpcf7-text wpcf7-validates-as-email\" autocomplete=\"email\" aria-required=\"true\" aria-invalid=\"false\" value=\"\" type=\"email\" name=\"your-email\" \/><\/span> <\/label>\n<\/p>\n<p><label> Message<br \/>\n<span class=\"wpcf7-form-control-wrap\" data-name=\"your-message\"><textarea cols=\"40\" rows=\"10\" maxlength=\"2000\" class=\"wpcf7-form-control wpcf7-textarea\" aria-invalid=\"false\" name=\"your-message\"><\/textarea><\/span> <\/label>\n<\/p>\n<p><input class=\"wpcf7-form-control wpcf7-submit has-spinner\" type=\"submit\" value=\"Envoyer\" \/>\n<\/p><p style=\"display: none !important;\" class=\"akismet-fields-container\" data-prefix=\"_wpcf7_ak_\"><label>&#916;<textarea name=\"_wpcf7_ak_hp_textarea\" cols=\"45\" rows=\"8\" maxlength=\"100\"><\/textarea><\/label><input type=\"hidden\" id=\"ak_js_1\" name=\"_wpcf7_ak_js\" value=\"134\"\/><script>document.getElementById( \"ak_js_1\" ).setAttribute( \"value\", ( new Date() ).getTime() );<\/script><\/p><div class=\"wpcf7-response-output\" aria-hidden=\"true\"><\/div>\n<\/form>\n<\/div>\n[\/vc_column][vc_column width=\u00a0\u00bb1\/3&Prime;][wdc_heading title=\u00a0\u00bbInformation de contact\u00a0\u00bb][\/wdc_heading][vc_raw_html]JTNDdWwlMjBjbGFzcyUzRCUyMndkYy1jb250YWN0LWluZm8lMjIlM0UlMEElM0NsaSUzRSUwQSUzQ2RpdiUyMGNsYXNzJTNEJTIyY29udGFjdC1sYWJlbCUyMiUzRUFkcmVzc2UlMjAlM0ElM0MlMkZkaXYlM0UlMEE2JTIwUnVlJTIwTWFyY2VsaW4lMjBCZXJ0aGVsb3QlMkMlMjA1NjAwMCUyMFZBTk5FUyUwQSUzQyUyRmxpJTNFJTBBJTNDbGklM0UlMEElM0NkaXYlMjBjbGFzcyUzRCUyMmNvbnRhY3QtbGFiZWwlMjIlM0VUJUMzJUE5bCVDMyVBOXBob25lJTIwJTNBJTNDJTJGZGl2JTNFJTBBMDIlMjA5NyUyMDQ3JTIwMDAlMjAyMCUwQSUzQyUyRmxpJTNFJTBBJTNDbGklM0UlMEElM0NkaXYlMjBjbGFzcyUzRCUyMmNvbnRhY3QtbGFiZWwlMjIlM0VQb3J0YWJsZSUyMCUzQSUzQyUyRmRpdiUzRSUwQTA2JTIwMzIlMjAwMSUyMDc2JTIwNzglMEElM0MlMkZsaSUzRSUwQSUwQSUwQSUzQ2xpJTNFJTBBJTNDbGklM0UlMEElM0NkaXYlMjBjbGFzcyUzRCUyMmNvbnRhY3QtbGFiZWwlMjIlM0VFbWFpbCUyMCUzQSUzQyUyRmRpdiUzRSUwQSUzQ2ElMjBocmVmJTNEJTIyJTIzJTIyJTNFYWxpYXMubmY1NiU0MGdtYWlsLmNvbSUzQyUyRmElM0UlMEElM0MlMkZsaSUzRSUwQSUzQyUyRnVsJTNF[\/vc_raw_html][\/vc_column][\/vc_row][vc_row css=\u00a0\u00bb.vc_custom_1699370677491{margin-top: 35px !important;}\u00a0\u00bb][vc_column][\/vc_column][\/vc_row]<\/p>\n","protected":false},"excerpt":{"rendered":"<p>[vc_row wdc_remove_padding=\u00a0\u00bbyes\u00a0\u00bb wdc_full_width=\u00a0\u00bb2&Prime; css=\u00a0\u00bb.vc_custom_1444633257299{margin-bottom: 0px !important;}\u00a0\u00bb][vc_column][vc_gmaps link=\u00a0\u00bb#E-8_JTNDaWZyYW1lJTIwc3JjJTNEJTIyaHR0cHMlM0ElMkYlMkZ3d3cuZ29vZ2xlLmNvbSUyRm1hcHMlMkZlbWJlZCUzRnBiJTNEJTIxMW0xOCUyMTFtMTIlMjExbTMlMjExZDE4MDc0Ljg5MTYxMTA4MjQ1OCUyMTJkLTIuNzk0MDQwNjc4MDIyMjY5JTIxM2Q0Ny42Njc5MzUzMDg0ODY0NiUyMTJtMyUyMTFmMCUyMTJmMCUyMTNmMCUyMTNtMiUyMTFpMTAyNCUyMTJpNzY4JTIxNGYxMy4xJTIxM20zJTIxMW0yJTIxMXMweDQ4MTAxZWIzZjU5NTI5NWIlMjUzQTB4OWEzMjkyOTZhNWQ5Y2QwNCUyMTJzQWxpYXMlMjUyMGluZm9ybWF0aXF1ZSUyMTVlMCUyMTNtMiUyMTFzZnIlMjEyc2ZyJTIxNHYxNjk5MjA3MjA2ODM3JTIxNW0yJTIxMXNmciUyMTJzZnIlMjIlMjB3aWR0aCUzRCUyMjYwMCUyMiUyMGhlaWdodCUzRCUyMjQ1MCUyMiUyMHN0eWxlJTNEJTIyYm9yZGVyJTNBMCUzQiUyMiUyMGFsbG93ZnVsbHNjcmVlbiUzRCUyMiUyMiUyMGxvYWRpbmclM0QlMjJsYXp5JTIyJTIwcmVmZXJyZXJwb2xpY3klM0QlMjJuby1yZWZlcnJlci13aGVuLWRvd25ncmFkZSUyMiUzRSUzQyUyRmlmcmFtZSUzRQ==\u00a0\u00bb size=\u00a0\u00bb400&Prime; css=\u00a0\u00bb.vc_custom_1699207299694{margin-top: 0px !important;}\u00a0\u00bb][\/vc_column][\/vc_row][vc_row css=\u00a0\u00bb.vc_custom_1451525930914{margin-bottom: 0px !important;padding-top: 80px !important;padding-bottom: 60px !important;}\u00a0\u00bb][vc_column width=\u00a0\u00bb2\/3&Prime;][wdc_heading title=\u00a0\u00bbVotre message\u00a0\u00bb][\/wdc_heading][\/vc_column][vc_column width=\u00a0\u00bb1\/3&Prime;][wdc_heading title=\u00a0\u00bbInformation de contact\u00a0\u00bb][\/wdc_heading][vc_raw_html]JTNDdWwlMjBjbGFzcyUzRCUyMndkYy1jb250YWN0LWluZm8lMjIlM0UlMEElM0NsaSUzRSUwQSUzQ2RpdiUyMGNsYXNzJTNEJTIyY29udGFjdC1sYWJlbCUyMiUzRUFkcmVzc2UlMjAlM0ElM0MlMkZkaXYlM0UlMEE2JTIwUnVlJTIwTWFyY2VsaW4lMjBCZXJ0aGVsb3QlMkMlMjA1NjAwMCUyMFZBTk5FUyUwQSUzQyUyRmxpJTNFJTBBJTNDbGklM0UlMEElM0NkaXYlMjBjbGFzcyUzRCUyMmNvbnRhY3QtbGFiZWwlMjIlM0VUJUMzJUE5bCVDMyVBOXBob25lJTIwJTNBJTNDJTJGZGl2JTNFJTBBMDIlMjA5NyUyMDQ3JTIwMDAlMjAyMCUwQSUzQyUyRmxpJTNFJTBBJTNDbGklM0UlMEElM0NkaXYlMjBjbGFzcyUzRCUyMmNvbnRhY3QtbGFiZWwlMjIlM0VQb3J0YWJsZSUyMCUzQSUzQyUyRmRpdiUzRSUwQTA2JTIwMzIlMjAwMSUyMDc2JTIwNzglMEElM0MlMkZsaSUzRSUwQSUwQSUwQSUzQ2xpJTNFJTBBJTNDbGklM0UlMEElM0NkaXYlMjBjbGFzcyUzRCUyMmNvbnRhY3QtbGFiZWwlMjIlM0VFbWFpbCUyMCUzQSUzQyUyRmRpdiUzRSUwQSUzQ2ElMjBocmVmJTNEJTIyJTIzJTIyJTNFYWxpYXMubmY1NiU0MGdtYWlsLmNvbSUzQyUyRmElM0UlMEElM0MlMkZsaSUzRSUwQSUzQyUyRnVsJTNF[\/vc_raw_html][\/vc_column][\/vc_row][vc_row css=\u00a0\u00bb.vc_custom_1699370677491{margin-top: 35px !important;}\u00a0\u00bb][vc_column][\/vc_column][\/vc_row]<\/p>\n","protected":false},"author":1,"featured_media":0,"parent":0,"menu_order":0,"comment_status":"closed","ping_status":"closed","template":"","meta":{"footnotes":""},"class_list":["post-159","page","type-page","status-publish","hentry"],"yoast_head":"<!-- This site is optimized with the Yoast SEO plugin v25.8 - https:\/\/yoast.com\/wordpress\/plugins\/seo\/ -->\n<title>Contact - Alias informatique<\/title>\n<meta name=\"description\" content=\"Contactez la soci\u00e9t\u00e9 Alias informatique par e-mail, t\u00e9l\u00e9phone ou prise de cont\u00f4le \u00e0 distance. Sans rdv le matin de 9h \u00e0 13h\" \/>\n<meta name=\"robots\" content=\"index, follow, max-snippet:-1, max-image-preview:large, max-video-preview:-1\" \/>\n<link rel=\"canonical\" href=\"https:\/\/www.alias-informatique.net\/index.php\/contact-alias-informatique-vannes-56\/\" \/>\n<meta property=\"og:locale\" content=\"fr_FR\" \/>\n<meta property=\"og:type\" content=\"article\" \/>\n<meta property=\"og:title\" content=\"Contact - Alias informatique\" \/>\n<meta property=\"og:description\" content=\"Contactez la soci\u00e9t\u00e9 Alias informatique par e-mail, t\u00e9l\u00e9phone ou prise de cont\u00f4le \u00e0 distance. Sans rdv le matin de 9h \u00e0 13h\" \/>\n<meta property=\"og:url\" content=\"https:\/\/www.alias-informatique.net\/index.php\/contact-alias-informatique-vannes-56\/\" \/>\n<meta property=\"og:site_name\" content=\"Alias informatique\" \/>\n<meta property=\"article:modified_time\" content=\"2023-11-07T16:03:36+00:00\" \/>\n<meta name=\"twitter:card\" content=\"summary_large_image\" \/>\n<meta name=\"twitter:label1\" content=\"Dur\u00e9e de lecture estim\u00e9e\" \/>\n\t<meta name=\"twitter:data1\" content=\"1 minute\" \/>\n<script type=\"application\/ld+json\" class=\"yoast-schema-graph\">{\"@context\":\"https:\/\/schema.org\",\"@graph\":[{\"@type\":\"WebPage\",\"@id\":\"https:\/\/www.alias-informatique.net\/index.php\/contact-alias-informatique-vannes-56\/\",\"url\":\"https:\/\/www.alias-informatique.net\/index.php\/contact-alias-informatique-vannes-56\/\",\"name\":\"Contact - Alias informatique\",\"isPartOf\":{\"@id\":\"https:\/\/www.alias-informatique.net\/#website\"},\"datePublished\":\"2019-03-01T14:50:55+00:00\",\"dateModified\":\"2023-11-07T16:03:36+00:00\",\"description\":\"Contactez la soci\u00e9t\u00e9 Alias informatique par e-mail, t\u00e9l\u00e9phone ou prise de cont\u00f4le \u00e0 distance. Sans rdv le matin de 9h \u00e0 13h\",\"breadcrumb\":{\"@id\":\"https:\/\/www.alias-informatique.net\/index.php\/contact-alias-informatique-vannes-56\/#breadcrumb\"},\"inLanguage\":\"fr-FR\",\"potentialAction\":[{\"@type\":\"ReadAction\",\"target\":[\"https:\/\/www.alias-informatique.net\/index.php\/contact-alias-informatique-vannes-56\/\"]}]},{\"@type\":\"BreadcrumbList\",\"@id\":\"https:\/\/www.alias-informatique.net\/index.php\/contact-alias-informatique-vannes-56\/#breadcrumb\",\"itemListElement\":[{\"@type\":\"ListItem\",\"position\":1,\"name\":\"Accueil\",\"item\":\"https:\/\/www.alias-informatique.net\/\"},{\"@type\":\"ListItem\",\"position\":2,\"name\":\"Contact\"}]},{\"@type\":\"WebSite\",\"@id\":\"https:\/\/www.alias-informatique.net\/#website\",\"url\":\"https:\/\/www.alias-informatique.net\/\",\"name\":\"Alias informatique\",\"description\":\"R\u00e9paration et vente d&#039;ordinateurs pour particuliers et professionnelles\",\"potentialAction\":[{\"@type\":\"SearchAction\",\"target\":{\"@type\":\"EntryPoint\",\"urlTemplate\":\"https:\/\/www.alias-informatique.net\/?s={search_term_string}\"},\"query-input\":{\"@type\":\"PropertyValueSpecification\",\"valueRequired\":true,\"valueName\":\"search_term_string\"}}],\"inLanguage\":\"fr-FR\"}]}<\/script>\n<!-- \/ Yoast SEO plugin. -->","yoast_head_json":{"title":"Contact - Alias informatique","description":"Contactez la soci\u00e9t\u00e9 Alias informatique par e-mail, t\u00e9l\u00e9phone ou prise de cont\u00f4le \u00e0 distance. Sans rdv le matin de 9h \u00e0 13h","robots":{"index":"index","follow":"follow","max-snippet":"max-snippet:-1","max-image-preview":"max-image-preview:large","max-video-preview":"max-video-preview:-1"},"canonical":"https:\/\/www.alias-informatique.net\/index.php\/contact-alias-informatique-vannes-56\/","og_locale":"fr_FR","og_type":"article","og_title":"Contact - Alias informatique","og_description":"Contactez la soci\u00e9t\u00e9 Alias informatique par e-mail, t\u00e9l\u00e9phone ou prise de cont\u00f4le \u00e0 distance. Sans rdv le matin de 9h \u00e0 13h","og_url":"https:\/\/www.alias-informatique.net\/index.php\/contact-alias-informatique-vannes-56\/","og_site_name":"Alias informatique","article_modified_time":"2023-11-07T16:03:36+00:00","twitter_card":"summary_large_image","twitter_misc":{"Dur\u00e9e de lecture estim\u00e9e":"1 minute"},"schema":{"@context":"https:\/\/schema.org","@graph":[{"@type":"WebPage","@id":"https:\/\/www.alias-informatique.net\/index.php\/contact-alias-informatique-vannes-56\/","url":"https:\/\/www.alias-informatique.net\/index.php\/contact-alias-informatique-vannes-56\/","name":"Contact - Alias informatique","isPartOf":{"@id":"https:\/\/www.alias-informatique.net\/#website"},"datePublished":"2019-03-01T14:50:55+00:00","dateModified":"2023-11-07T16:03:36+00:00","description":"Contactez la soci\u00e9t\u00e9 Alias informatique par e-mail, t\u00e9l\u00e9phone ou prise de cont\u00f4le \u00e0 distance. Sans rdv le matin de 9h \u00e0 13h","breadcrumb":{"@id":"https:\/\/www.alias-informatique.net\/index.php\/contact-alias-informatique-vannes-56\/#breadcrumb"},"inLanguage":"fr-FR","potentialAction":[{"@type":"ReadAction","target":["https:\/\/www.alias-informatique.net\/index.php\/contact-alias-informatique-vannes-56\/"]}]},{"@type":"BreadcrumbList","@id":"https:\/\/www.alias-informatique.net\/index.php\/contact-alias-informatique-vannes-56\/#breadcrumb","itemListElement":[{"@type":"ListItem","position":1,"name":"Accueil","item":"https:\/\/www.alias-informatique.net\/"},{"@type":"ListItem","position":2,"name":"Contact"}]},{"@type":"WebSite","@id":"https:\/\/www.alias-informatique.net\/#website","url":"https:\/\/www.alias-informatique.net\/","name":"Alias informatique","description":"R\u00e9paration et vente d&#039;ordinateurs pour particuliers et professionnelles","potentialAction":[{"@type":"SearchAction","target":{"@type":"EntryPoint","urlTemplate":"https:\/\/www.alias-informatique.net\/?s={search_term_string}"},"query-input":{"@type":"PropertyValueSpecification","valueRequired":true,"valueName":"search_term_string"}}],"inLanguage":"fr-FR"}]}},"_links":{"self":[{"href":"https:\/\/www.alias-informatique.net\/index.php\/wp-json\/wp\/v2\/pages\/159","targetHints":{"allow":["GET"]}}],"collection":[{"href":"https:\/\/www.alias-informatique.net\/index.php\/wp-json\/wp\/v2\/pages"}],"about":[{"href":"https:\/\/www.alias-informatique.net\/index.php\/wp-json\/wp\/v2\/types\/page"}],"author":[{"embeddable":true,"href":"https:\/\/www.alias-informatique.net\/index.php\/wp-json\/wp\/v2\/users\/1"}],"replies":[{"embeddable":true,"href":"https:\/\/www.alias-informatique.net\/index.php\/wp-json\/wp\/v2\/comments?post=159"}],"version-history":[{"count":10,"href":"https:\/\/www.alias-informatique.net\/index.php\/wp-json\/wp\/v2\/pages\/159\/revisions"}],"predecessor-version":[{"id":940,"href":"https:\/\/www.alias-informatique.net\/index.php\/wp-json\/wp\/v2\/pages\/159\/revisions\/940"}],"wp:attachment":[{"href":"https:\/\/www.alias-informatique.net\/index.php\/wp-json\/wp\/v2\/media?parent=159"}],"curies":[{"name":"wp","href":"https:\/\/api.w.org\/{rel}","templated":true}]}}